{"id":47897,"date":"2026-04-21T09:29:45","date_gmt":"2026-04-21T07:29:45","guid":{"rendered":"https:\/\/bodymindandsoulmallorca.com\/?post_type=product&#038;p=47897"},"modified":"2026-04-29T00:22:04","modified_gmt":"2026-04-28T22:22:04","slug":"full-event-pass-bms-5","status":"publish","type":"product","link":"https:\/\/bodymindandsoulmallorca.com\/en\/product\/full-event-pass-bms-5\/","title":{"rendered":"Full Event Pass | BMS 5"},"content":{"rendered":"<p>\ud83c\udf9f\ufe0f <span style=\"color: #008080;\"><strong>Sichere dir jetzt dein exklusives Ticket f\u00fcr die Body, Mind &amp; Soul Mallorca Edition 5 vom 17. bis 25. Oktober 2026 mit Top-Speaker Biyon Kattilathu!<\/strong><\/span><\/p>\r\n\r\n\r\n\r\n<p><strong>Erlebe 9 Tage und 8 N\u00e4chte voller Inspiration, Heilung, Musik und ganzheitlicher Transformation.<\/strong><\/p>\r\n\r\n\r\n\r\n<p>\ud83c\udf3f Das ist alles inklusive:<\/p>\r\n<p>\u2022 Vollpension \u2013 k\u00f6stliche, gesunde Mahlzeiten f\u00fcr K\u00f6rper, Geist &amp; Seele<\/p>\r\n<p>\u2022 Zugang zu allen Speakern \u2013 erlebe inspirierende Vortr\u00e4ge und tiefgehende Impulse<\/p>\r\n<p>\u2022 Teilnahme an allen Workshops \u2013 praxisorientierte Sessions f\u00fcr pers\u00f6nliches Wachstum<\/p>\r\n<p>\u2022 Eintritt zu allen Konzerten \u2013 Musik, die Herz und Seele ber\u00fchrt<\/p>\r\n<p>\u2022 Unvergessliche Community-Erfahrung \u2013 Verbundenheit, Austausch &amp; gelebte Transformation<\/p>\r\n\r\n\r\n\r\n<p>&nbsp;<\/p>\r\n<p><strong>&#8222;<em>Tauche ein in eine einzigartige Reise zu dir selbst \u2013 mit Bewegung, Bewusstsein, Musik und Gemeinschaft.<\/em>&#8222;<\/strong><\/p>","protected":false},"excerpt":{"rendered":"<p>Full Event Pass f\u00fcr die Body Mind &amp; Soul Mallorca &#8211; Edition 5 &#8211; vom 17. bis 25. Oktober 2026<\/p>","protected":false},"featured_media":47580,"template":"","meta":{"_acf_changed":false},"product_brand":[],"product_cat":[172,215],"product_tag":[],"class_list":{"0":"post-47897","1":"product","2":"type-product","3":"status-publish","4":"has-post-thumbnail","6":"product_cat-ticket","7":"product_cat-ticket-bms-5","9":"first","10":"instock","11":"taxable","12":"shipping-taxable","13":"purchasable","14":"product-type-simple"},"acf":[],"_links":{"self":[{"href":"https:\/\/bodymindandsoulmallorca.com\/en\/wp-json\/wp\/v2\/product\/47897","targetHints":{"allow":["GET"]}}],"collection":[{"href":"https:\/\/bodymindandsoulmallorca.com\/en\/wp-json\/wp\/v2\/product"}],"about":[{"href":"https:\/\/bodymindandsoulmallorca.com\/en\/wp-json\/wp\/v2\/types\/product"}],"version-history":[{"count":9,"href":"https:\/\/bodymindandsoulmallorca.com\/en\/wp-json\/wp\/v2\/product\/47897\/revisions"}],"predecessor-version":[{"id":47995,"href":"https:\/\/bodymindandsoulmallorca.com\/en\/wp-json\/wp\/v2\/product\/47897\/revisions\/47995"}],"wp:featuredmedia":[{"embeddable":true,"href":"https:\/\/bodymindandsoulmallorca.com\/en\/wp-json\/wp\/v2\/media\/47580"}],"wp:attachment":[{"href":"https:\/\/bodymindandsoulmallorca.com\/en\/wp-json\/wp\/v2\/media?parent=47897"}],"wp:term":[{"taxonomy":"product_brand","embeddable":true,"href":"https:\/\/bodymindandsoulmallorca.com\/en\/wp-json\/wp\/v2\/product_brand?post=47897"},{"taxonomy":"product_cat","embeddable":true,"href":"https:\/\/bodymindandsoulmallorca.com\/en\/wp-json\/wp\/v2\/product_cat?post=47897"},{"taxonomy":"product_tag","embeddable":true,"href":"https:\/\/bodymindandsoulmallorca.com\/en\/wp-json\/wp\/v2\/product_tag?post=47897"}],"curies":[{"name":"wp","href":"https:\/\/api.w.org\/{rel}","templated":true}]}}