{"id":47772,"date":"2026-04-15T11:47:13","date_gmt":"2026-04-15T09:47:13","guid":{"rendered":"https:\/\/bodymindandsoulmallorca.com\/?post_type=product&#038;p=47772"},"modified":"2026-04-15T13:17:33","modified_gmt":"2026-04-15T11:17:33","slug":"body-mind-soul-mallorca-download","status":"publish","type":"product","link":"https:\/\/bodymindandsoulmallorca.com\/en\/product\/body-mind-soul-mallorca-download\/","title":{"rendered":"Body Mind &#038; Soul Mallorca &#8211; Download"},"content":{"rendered":"<p data-start=\"161\" data-end=\"259\">Erlebe die besondere Energie von <em data-start=\"194\" data-end=\"221\">Body Mind &amp; Soul Mallorca<\/em> jederzeit und von \u00fcberall aus erneut.<\/p>\n<p data-start=\"261\" data-end=\"470\">Alle Event-Tage werden vollst\u00e4ndig aufgezeichnet und stehen dir nach dem Event als Videoaufzeichnungen zur Verf\u00fcgung. So kannst du die Sessions in deinem eigenen Tempo nachholen, vertiefen oder erneut erleben.<\/p>\n<p data-start=\"472\" data-end=\"563\">\ud83d\udc49 Du kannst entweder das <strong data-start=\"498\" data-end=\"513\">Gesamtpaket<\/strong> oder einzelne <strong data-start=\"528\" data-end=\"553\">Tage als Aufzeichnung<\/strong> erwerben.<\/p>\n<p data-start=\"565\" data-end=\"700\">Nach dem Kauf erh\u00e4ltst du nach Abschluss des Events einen <strong data-start=\"623\" data-end=\"699\">Downloadlink bzw. Zugang zu den gebuchten Videoaufzeichnungen per E-Mail<\/strong>.<\/p>","protected":false},"excerpt":{"rendered":"<p>Erlebe die besondere Energie von Body Mind &amp; Soul Mallorca jederzeit und von \u00fcberall aus erneut. Alle Event-Tage werden vollst\u00e4ndig aufgezeichnet und stehen dir nach dem Event als Videoaufzeichnungen zur Verf\u00fcgung. So kannst du die Sessions in deinem eigenen Tempo nachholen, vertiefen oder erneut erleben. \ud83d\udc49 Du kannst entweder das Gesamtpaket oder einzelne Tage als [&hellip;]<\/p>\n","protected":false},"featured_media":45403,"template":"","meta":{"_acf_changed":false},"product_brand":[],"product_cat":[217,172],"product_tag":[],"class_list":{"0":"post-47772","1":"product","2":"type-product","3":"status-publish","4":"has-post-thumbnail","6":"product_cat-download","7":"product_cat-ticket","9":"first","10":"instock","11":"taxable","12":"shipping-taxable","13":"purchasable","14":"product-type-variable"},"exclude_global_add_ons":[],"addons":[],"acf":[],"_links":{"self":[{"href":"https:\/\/bodymindandsoulmallorca.com\/en\/wp-json\/wp\/v2\/product\/47772","targetHints":{"allow":["GET"]}}],"collection":[{"href":"https:\/\/bodymindandsoulmallorca.com\/en\/wp-json\/wp\/v2\/product"}],"about":[{"href":"https:\/\/bodymindandsoulmallorca.com\/en\/wp-json\/wp\/v2\/types\/product"}],"version-history":[{"count":3,"href":"https:\/\/bodymindandsoulmallorca.com\/en\/wp-json\/wp\/v2\/product\/47772\/revisions"}],"predecessor-version":[{"id":47793,"href":"https:\/\/bodymindandsoulmallorca.com\/en\/wp-json\/wp\/v2\/product\/47772\/revisions\/47793"}],"wp:featuredmedia":[{"embeddable":true,"href":"https:\/\/bodymindandsoulmallorca.com\/en\/wp-json\/wp\/v2\/media\/45403"}],"wp:attachment":[{"href":"https:\/\/bodymindandsoulmallorca.com\/en\/wp-json\/wp\/v2\/media?parent=47772"}],"wp:term":[{"taxonomy":"product_brand","embeddable":true,"href":"https:\/\/bodymindandsoulmallorca.com\/en\/wp-json\/wp\/v2\/product_brand?post=47772"},{"taxonomy":"product_cat","embeddable":true,"href":"https:\/\/bodymindandsoulmallorca.com\/en\/wp-json\/wp\/v2\/product_cat?post=47772"},{"taxonomy":"product_tag","embeddable":true,"href":"https:\/\/bodymindandsoulmallorca.com\/en\/wp-json\/wp\/v2\/product_tag?post=47772"}],"curies":[{"name":"wp","href":"https:\/\/api.w.org\/{rel}","templated":true}]}}