{"id":45800,"date":"2026-01-12T17:15:57","date_gmt":"2026-01-12T16:15:57","guid":{"rendered":"https:\/\/bodymindandsoulmallorca.com\/?post_type=product&#038;p=45800"},"modified":"2026-01-12T17:25:56","modified_gmt":"2026-01-12T16:25:56","slug":"neurovizr","status":"publish","type":"product","link":"https:\/\/bodymindandsoulmallorca.com\/en\/product\/neurovizr\/","title":{"rendered":"Neurovizr"},"content":{"rendered":"<div class=\"product__text first\">\n<div class=\"product__text-inner flex items-center gap-2d5\">\n<p class=\"rte text-sm leading-tight\">NeuroVIZR nutzt Kombinationen aus Licht- und Tonstimulation, um Ihrem Gehirn einen reibungslosen \u00dcbergang zwischen verschiedenen Zust\u00e4nden im Tagesverlauf zu erm\u00f6glichen. Unsere \u00fcber 100 Sitzungen f\u00f6rdern die nat\u00fcrliche Anpassungsf\u00e4higkeit und das Wachstum Ihres Gehirns durch einen einzigartig unterhaltsamen visuellen Mix.<\/p>\n<\/div>\n<\/div>\n<div class=\"product__text even\">\n<div class=\"product__text-inner flex items-center gap-2d5\">\n<p><b>Kein Abonnement: <\/b>Mit dem Kauf erhalten Sie lebenslangen Zugang zu unserer Kernbibliothek mit \u00fcber 100 multisensorischen Sitzungen.<\/p>\n<p>\u2705 <b>Basierend auf Neurowissenschaften: <\/b>Ihr visueller Kortex wandelt Ver\u00e4nderungen in Lichtmustern in farbenfrohe Formen um, die sich mit den sorgf\u00e4ltig ausgearbeiteten auditiven Signalen Ihres Gehirns verbinden, um Ihr Bewusstsein zu ver\u00e4ndern.<\/p>\n<p>\u2705 <b>M\u00fchelose Gehirnpause: <\/b>Die Sitzungen sind eine sensorische Erfahrung ohne gesprochene Anweisungen, die es Ihnen erm\u00f6glichen, Ihr Denken zu entspannen und mehr zu f\u00fchlen.<\/p>\n<p>\u2705 <b>Leichtes Ger\u00e4t: <\/b>Das tragbare Ger\u00e4t l\u00e4sst sich vom verstellbaren, ergonomischen Kopfband abnehmen und leicht in Ihrer Tasche transportieren.<\/p>\n<\/div>\n<\/div>","protected":false},"excerpt":{"rendered":"<div class=\"rte\">\n<h1>Feel the Magic with Light &amp; Sound<\/h1>\n<\/div>","protected":false},"featured_media":45806,"template":"","meta":{"_acf_changed":false},"product_brand":[],"product_cat":[208],"product_tag":[],"class_list":{"0":"post-45800","1":"product","2":"type-product","3":"status-publish","4":"has-post-thumbnail","6":"product_cat-neurovizr","8":"first","9":"instock","10":"taxable","11":"shipping-taxable","12":"product-type-external"},"acf":[],"_links":{"self":[{"href":"https:\/\/bodymindandsoulmallorca.com\/en\/wp-json\/wp\/v2\/product\/45800","targetHints":{"allow":["GET"]}}],"collection":[{"href":"https:\/\/bodymindandsoulmallorca.com\/en\/wp-json\/wp\/v2\/product"}],"about":[{"href":"https:\/\/bodymindandsoulmallorca.com\/en\/wp-json\/wp\/v2\/types\/product"}],"version-history":[{"count":3,"href":"https:\/\/bodymindandsoulmallorca.com\/en\/wp-json\/wp\/v2\/product\/45800\/revisions"}],"predecessor-version":[{"id":45803,"href":"https:\/\/bodymindandsoulmallorca.com\/en\/wp-json\/wp\/v2\/product\/45800\/revisions\/45803"}],"wp:featuredmedia":[{"embeddable":true,"href":"https:\/\/bodymindandsoulmallorca.com\/en\/wp-json\/wp\/v2\/media\/45806"}],"wp:attachment":[{"href":"https:\/\/bodymindandsoulmallorca.com\/en\/wp-json\/wp\/v2\/media?parent=45800"}],"wp:term":[{"taxonomy":"product_brand","embeddable":true,"href":"https:\/\/bodymindandsoulmallorca.com\/en\/wp-json\/wp\/v2\/product_brand?post=45800"},{"taxonomy":"product_cat","embeddable":true,"href":"https:\/\/bodymindandsoulmallorca.com\/en\/wp-json\/wp\/v2\/product_cat?post=45800"},{"taxonomy":"product_tag","embeddable":true,"href":"https:\/\/bodymindandsoulmallorca.com\/en\/wp-json\/wp\/v2\/product_tag?post=45800"}],"curies":[{"name":"wp","href":"https:\/\/api.w.org\/{rel}","templated":true}]}}