{"id":5475,"date":"2021-10-01T13:01:38","date_gmt":"2021-10-01T13:01:38","guid":{"rendered":"https:\/\/www.qvantumevents.com\/terms-conditions\/"},"modified":"2025-07-03T16:21:17","modified_gmt":"2025-07-03T14:21:17","slug":"geschaftsbedingungen","status":"publish","type":"page","link":"https:\/\/bodymindandsoulmallorca.com\/en\/geschaftsbedingungen\/","title":{"rendered":"Terms and conditions"},"content":{"rendered":"<div data-elementor-type=\"wp-page\" data-elementor-id=\"5475\" class=\"elementor elementor-5475\" data-elementor-post-type=\"page\">\n\t\t\t\t<div class=\"elementor-element elementor-element-f366426 e-flex e-con-boxed e-con e-parent\" data-id=\"f366426\" data-element_type=\"container\" data-e-type=\"container\">\n\t\t\t\t\t<div class=\"e-con-inner\">\n\t\t\t\t<div class=\"elementor-element elementor-element-2a890ce elementor-widget elementor-widget-text-editor\" data-id=\"2a890ce\" data-element_type=\"widget\" data-e-type=\"widget\" data-widget_type=\"text-editor.default\">\n\t\t\t\t<div class=\"elementor-widget-container\">\n\t\t\t\t\t\t\t\t\t<h3 class=\"primary\">1. Einf\u00fchrung<\/h3><p>Diese Allgemeinen Gesch\u00e4ftsbedingungen gelten f\u00fcr diese Website und f\u00fcr die Transaktionen im Zusammenhang mit unseren Produkten und Dienstleistungen. Du bist m\u00f6glicherweise an zus\u00e4tzliche Vertr\u00e4ge gebunden, die sich auf deine Beziehung zu uns oder auf Produkte oder Dienstleistungen beziehen, die du von uns erh\u00e4ltst. Wenn Bestimmungen der Zusatzvertr\u00e4ge mit Bestimmungen dieser Bedingungen in Konflikt stehen, haben die Bestimmungen dieser Zusatzvertr\u00e4ge Vorrang.<br \/><br \/><\/p><h3 class=\"primary\">2. Art unserer Leistungen<\/h3><p>Body Mind and Soul Mallorca SL ist <strong data-start=\"1376\" data-end=\"1397\">Eventveranstalter<\/strong> und kein Reiseveranstalter im Sinne der EU-Pauschalreiserichtlinie. Mit der Buchung eines Tickets best\u00e4tigst du deine verbindliche Teilnahme an dem jeweiligen Event. <strong data-start=\"1564\" data-end=\"1621\">Eine Erstattung des Ticketpreises ist ausgeschlossen.<\/strong><br data-start=\"1621\" data-end=\"1624\" \/>Falls du selbst nicht teilnehmen kannst, darfst du dein Ticket kostenfrei auf eine andere Person \u00fcbertragen. In diesem Fall bitten wir dich, uns die Kontaktdaten der Ersatzperson rechtzeitig vor dem Event mitzuteilen.<\/p><h3 class=\"primary\">3. Verbindlichkeiten<\/h3><p>Durch die Registrierung, den Zugriff auf oder die anderweitige Nutzung dieser Website erkl\u00e4rst du dich hiermit einverstanden, an diese unten aufgef\u00fchrten Allgemeinen Gesch\u00e4ftsbedingungen gebunden zu sein. Die blo\u00dfe Nutzung dieser Website setzt die Kenntnis und Akzeptanz dieser Allgemeinen Gesch\u00e4ftsbedingungen voraus. In bestimmten F\u00e4llen k\u00f6nnen wir dich auch bitten, ausdr\u00fccklich zuzustimmen.<br \/><br \/><\/p><h3 class=\"primary\">4. Elektronische Kommunikation<\/h3><p>Durch die Nutzung dieser Website oder die Kommunikation mit uns auf elektronischem Wege erkl\u00e4rst du dich damit einverstanden und erkennst an, dass wir auf unserer Website elektronisch mit dir kommunizieren oder dir E-Mails zusenden k\u00f6nnen, und stimmst zu, dass alle Vereinbarungen, Mitteilungen, Offenlegungen und sonstigen Mitteilungen, die wir dir elektronisch zusenden, alle gesetzlichen Anforderungen erf\u00fcllen, dass solche Mitteilungen schriftlich erfolgen m\u00fcssen.<\/p><h3 class=\"primary\">5. Geistiges Eigentum<\/h3><p data-start=\"2816\" data-end=\"3082\">Wir oder unsere Lizenzgeber besitzen und kontrollieren alle Urheberrechte und sonstigen Rechte an geistigem Eigentum auf der Website sowie die Daten, Informationen und sonstigen Ressourcen, die auf der Website angezeigt werden oder auf der Website zug\u00e4nglich sind.<\/p><p data-start=\"3084\" data-end=\"3477\"><strong data-start=\"3084\" data-end=\"3115\">5.1 Alle Rechte vorbehalten<\/strong><br data-start=\"3115\" data-end=\"3118\" \/>Sofern bestimmte Inhalte nichts anderes vorschreiben, wird dir keine Lizenz oder ein anderes Recht unter Urheber-, Marken-, Patent- oder anderen Rechten an geistigem Eigentum gew\u00e4hrt. Du darfst Inhalte dieser Website ohne unsere vorherige schriftliche Genehmigung nicht verwenden, kopieren, reproduzieren, vertreiben oder in anderer Form kommerziell nutzen.<\/p><p>\u00a0<\/p><h3 class=\"primary\">6. Drittanbieter-Inhalte<\/h3><p>Unsere Website kann Hyperlinks oder andere Verweise auf Websites Dritter enthalten. F\u00fcr den Inhalt und die Datenschutzpraktiken solcher Websites \u00fcbernehmen wir keine Verantwortung.<\/p><h3 class=\"primary\">7. Anmeldung<\/h3><p>Du kannst dich f\u00fcr ein Konto auf unserer Website registrieren.\u00a0W\u00e4hrend diesem Prozess, k\u00f6nnte es erforderlich sein, ein Passwort auszuw\u00e4hlen.\u00a0Du bist f\u00fcr die Wahrung der Vertraulichkeit von Passw\u00f6rtern und Kontoinformationen verantwortlich und erkl\u00e4rst dich damit einverstanden, deren Passw\u00f6rter, Kontoinformationen oder den gesicherten Zugang zu unserer Website oder unseren Diensten nicht an andere Personen weiterzugeben. \u00a0Du darfst keiner anderen Person erlauben, dein Konto f\u00fcr den Zugriff auf die Website zu verwenden, da du f\u00fcr alle Aktivit\u00e4ten verantwortlich bist, die durch die Verwendung deiner Passw\u00f6rter oder Konten erfolgen.\u00a0Du musst uns unverz\u00fcglich benachrichtigen, wenn du Kenntnis von einer Offenlegung deines Passworts erh\u00e4ltst.<\/p><p>Nach der K\u00fcndigung des Kontos kannst du ohne unsere Erlaubnis kein neues Konto anlegen.<br \/><br \/><\/p><h3 class=\"primary\">8. Teilnahmebedingungen f\u00fcr Events<\/h3><ul><li data-start=\"3745\" data-end=\"3833\"><p data-start=\"3747\" data-end=\"3833\">Mit dem Kauf eines Tickets erwirbst du das Recht zur Teilnahme am angegebenen Event.<\/p><\/li><li data-start=\"3834\" data-end=\"3956\"><p data-start=\"3836\" data-end=\"3956\">Eine R\u00fcckgabe oder Erstattung des Tickets ist ausgeschlossen, auch bei Krankheit, Nichtanreise oder sonstigen Gr\u00fcnden.<\/p><\/li><li data-start=\"3957\" data-end=\"4062\"><p data-start=\"3959\" data-end=\"4062\">Das Ticket ist <strong data-start=\"3974\" data-end=\"3989\">\u00fcbertragbar<\/strong>. Du kannst eine Ersatzperson benennen, die an deiner Stelle teilnimmt.<\/p><\/li><\/ul><p>\u00a0<\/p><h3 class=\"primary\">9. Haftungsausschluss<\/h3><p>Unsere Events sind sorgf\u00e4ltig vorbereitet. Dennoch erfolgt die Teilnahme auf eigene Verantwortung. Wir haften nicht f\u00fcr gesundheitliche Sch\u00e4den, die aus der Teilnahme resultieren, es sei denn, sie beruhen auf Vorsatz oder grober Fahrl\u00e4ssigkeit unsererseits.<br \/><br \/><\/p><h3 class=\"primary\">10. Datenschutz<\/h3><p>Wir behandeln deine pers\u00f6nlichen Daten vertraulich. Alle Informationen hierzu findest du in unserer Datenschutzerkl\u00e4rung.<\/p><p>\u00a0<\/p><h3 class=\"primary\">11. Barrierefreiheit<\/h3><p>Wir verpflichten uns, die von uns bereitgestellten Inhalte f\u00fcr Menschen mit Behinderungen zug\u00e4nglich zu machen.\u00a0Wenn du eine Behinderung\/Beeintr\u00e4chtigung hast und aufgrund dieser nicht auf einen Teil unserer Website zugreifen kannst, bitten wir dich, uns eine Mitteilung mit einer detaillierten Beschreibung des aufgetretenen Problems zu senden.\u00a0Wenn das Problem gem\u00e4\u00df den branchen\u00fcblichen Informationstechnologie-Tools und -Techniken leicht zu identifizieren und zu l\u00f6sen ist, werden wir es umgehend beheben.<br \/><br \/><\/p><h3 class=\"primary\">12. Partnerschafts-Marketing<\/h3><p>\u00dcber diese Website k\u00f6nnen wir Partnerschafts-Marketing betreiben, wobei wir einen Prozentsatz oder eine Provision f\u00fcr den Verkauf von Dienstleistungen oder Produkten auf oder \u00fcber diese Website erhalten.\u00a0Wir k\u00f6nnen auch Sponsoring oder andere Formen der Werbeverg\u00fctung von Unternehmen akzeptieren.\u00a0Diese Offenlegung soll den gesetzlichen Anforderungen in Bezug auf Marketing und Werbung entsprechen, die m\u00f6glicherweise gelten, wie z. B. den Regeln der US-amerikanischen Federal Trade Commission.<br \/><br \/><\/p><h3 class=\"primary\">13. Verst\u00f6\u00dfe gegen diese Allgemeinen Gesch\u00e4ftsbedingungen<\/h3><p>Ungeachtet unserer anderen Rechte aus diesen Allgemeinen Gesch\u00e4ftsbedingungen k\u00f6nnen wir, wenn du in irgendeiner Weise gegen diese Allgemeinen Gesch\u00e4ftsbedingungen verst\u00f6\u00dft, Ma\u00dfnahmen ergreifen, die wir f\u00fcr angemessen halten, um den Versto\u00df zu behandeln, einschlie\u00dflich der vor\u00fcbergehenden oder dauerhaften Sperrung deines Zugriffs auf die Website und mit der Kontaktaufnahme deines Internetdienstanbieter mit der Aufforderung deinen Zugang zur Website zu sperren und\/oder rechtliche Schritte gegen dich einzuleiten.<br \/><br \/><\/p><h3 class=\"primary\">14. H\u00f6here Gewalt<\/h3><p>Mit Ausnahme der Zahlungsverpflichtung, eine Verz\u00f6gerung, ein Vers\u00e4umnis oder eine Unterlassung einer Partei bei der Erf\u00fcllung oder Einhaltung einer ihrer Verpflichtungen aus diesem Vertrag, gilt nicht als Versto\u00df gegen diese Allgemeinen Gesch\u00e4ftsbedingungen, wenn und solange eine solche Verz\u00f6gerung, ein Vers\u00e4umnis oder eine Unterlassung aus einem \u00fcber den vern\u00fcnftigen Grund hinausgehenden Grund der angemessenen Kontrolle dieser Partei liegt.<\/p><h3 class=\"primary\">15. Sprache<\/h3><p>Diese Allgemeinen Gesch\u00e4ftsbedingungen werden ausschlie\u00dflich in Deutsch interpretiert und ausgelegt.\u00a0Alle Mitteilungen und Korrespondenzen werden ausschlie\u00dflich in dieser Sprache verfasst.<br \/><br \/><\/p><h3 class=\"primary\">16. Komplette Vereinbarung<\/h3><p>Diese Allgemeinen Gesch\u00e4ftsbedingungen bilden zusammen mit unseren\u00a0<a href=\"https:\/\/bodymindandsoulmallorca.com\/en\/datenschutzerklaerung\/\">Datenschutzbestimmungen<\/a>\u00a0und unserer\u00a0<a href=\"https:\/\/bodymindandsoulmallorca.com\/en\/cookie-richtlinie-eu\/\">Cookie-Richtlinie<\/a>\u00a0die gesamte Vereinbarung zwischen dir und RK Business Consulting in Bezug auf deine Nutzung dieser Website.<br \/><br \/><\/p><h3 class=\"primary\">17. Rechtswahl und Gerichtsstand<\/h3><p>Diese Allgemeinen Gesch\u00e4ftsbedingungen unterliegen dem Recht Spaniens. Gerichtsstand f\u00fcr alle Streitigkeiten ist Palma de Mallorca, soweit gesetzlich zul\u00e4ssig.<\/p><h3 class=\"primary\">18. Kontaktinformationen<\/h3><p>Diese Website geh\u00f6rt und wird betrieben von Body Mind and Soul Mallorca SL.<\/p><p>Du kannst uns bez\u00fcglich dieser Allgemeinen Gesch\u00e4ftsbedingungen \u00fcber unsere Seite\u00a0<a href=\"https:\/\/bodymindandsoulmallorca.com\/en\/kontakt\/\">Contact<\/a>\u00a0kontaktieren.<br \/><br \/><\/p><h3 class=\"primary\">\u00a0<\/h3>\t\t\t\t\t\t\t\t<\/div>\n\t\t\t\t<\/div>\n\t\t\t\t\t<\/div>\n\t\t\t\t<\/div>\n\t\t\t\t<\/div>","protected":false},"excerpt":{"rendered":"<p>1. Einf\u00fchrung Diese Allgemeinen Gesch\u00e4ftsbedingungen gelten f\u00fcr diese Website und f\u00fcr die Transaktionen im Zusammenhang mit unseren Produkten und Dienstleistungen. Du bist m\u00f6glicherweise an zus\u00e4tzliche Vertr\u00e4ge gebunden, die sich auf deine Beziehung zu uns oder auf Produkte oder Dienstleistungen beziehen, die du von uns erh\u00e4ltst. Wenn Bestimmungen der Zusatzvertr\u00e4ge mit Bestimmungen dieser Bedingungen in Konflikt [&hellip;]<\/p>\n","protected":false},"author":1,"featured_media":0,"parent":0,"menu_order":70,"comment_status":"closed","ping_status":"closed","template":"","meta":{"_acf_changed":false,"footnotes":""},"class_list":["post-5475","page","type-page","status-publish","hentry"],"acf":[],"_links":{"self":[{"href":"https:\/\/bodymindandsoulmallorca.com\/en\/wp-json\/wp\/v2\/pages\/5475","targetHints":{"allow":["GET"]}}],"collection":[{"href":"https:\/\/bodymindandsoulmallorca.com\/en\/wp-json\/wp\/v2\/pages"}],"about":[{"href":"https:\/\/bodymindandsoulmallorca.com\/en\/wp-json\/wp\/v2\/types\/page"}],"author":[{"embeddable":true,"href":"https:\/\/bodymindandsoulmallorca.com\/en\/wp-json\/wp\/v2\/users\/1"}],"replies":[{"embeddable":true,"href":"https:\/\/bodymindandsoulmallorca.com\/en\/wp-json\/wp\/v2\/comments?post=5475"}],"version-history":[{"count":10,"href":"https:\/\/bodymindandsoulmallorca.com\/en\/wp-json\/wp\/v2\/pages\/5475\/revisions"}],"predecessor-version":[{"id":42052,"href":"https:\/\/bodymindandsoulmallorca.com\/en\/wp-json\/wp\/v2\/pages\/5475\/revisions\/42052"}],"wp:attachment":[{"href":"https:\/\/bodymindandsoulmallorca.com\/en\/wp-json\/wp\/v2\/media?parent=5475"}],"curies":[{"name":"wp","href":"https:\/\/api.w.org\/{rel}","templated":true}]}}