{"id":45575,"date":"2025-12-19T17:30:33","date_gmt":"2025-12-19T16:30:33","guid":{"rendered":"https:\/\/bodymindandsoulmallorca.com\/?page_id=45575"},"modified":"2026-03-07T23:16:52","modified_gmt":"2026-03-07T22:16:52","slug":"konsultation-dr-tenzing-loden","status":"publish","type":"page","link":"https:\/\/bodymindandsoulmallorca.com\/en\/konsultation-dr-tenzing-loden\/","title":{"rendered":"Konsultation Dr. Tenzing Loden"},"content":{"rendered":"\t\t<div data-elementor-type=\"wp-page\" data-elementor-id=\"45575\" class=\"elementor elementor-45575\" data-elementor-post-type=\"page\">\n\t\t\t\t<div class=\"elementor-element elementor-element-0bde0f1 e-flex e-con-boxed e-con e-parent\" data-id=\"0bde0f1\" data-element_type=\"container\" data-e-type=\"container\">\n\t\t\t\t\t<div class=\"e-con-inner\">\n\t\t<div class=\"elementor-element elementor-element-fe4ebb6 e-con-full e-flex e-con e-child\" data-id=\"fe4ebb6\" data-element_type=\"container\" data-e-type=\"container\">\n\t\t\t\t<div class=\"elementor-element elementor-element-7335474 elementor-widget elementor-widget-image\" data-id=\"7335474\" data-element_type=\"widget\" data-e-type=\"widget\" data-widget_type=\"image.default\">\n\t\t\t\t<div class=\"elementor-widget-container\">\n\t\t\t\t\t\t\t\t\t\t\t\t\t\t\t<img fetchpriority=\"high\" decoding=\"async\" width=\"768\" height=\"1024\" src=\"https:\/\/bodymindandsoulmallorca.com\/wp-content\/uploads\/2026\/01\/dr-tenzing-loden-3-768x1024.jpeg\" class=\"attachment-large size-large wp-image-46303\" alt=\"\" srcset=\"https:\/\/bodymindandsoulmallorca.com\/wp-content\/uploads\/2026\/01\/dr-tenzing-loden-3-768x1024.jpeg 768w, https:\/\/bodymindandsoulmallorca.com\/wp-content\/uploads\/2026\/01\/dr-tenzing-loden-3-225x300.jpeg 225w, https:\/\/bodymindandsoulmallorca.com\/wp-content\/uploads\/2026\/01\/dr-tenzing-loden-3-9x12.jpeg 9w, https:\/\/bodymindandsoulmallorca.com\/wp-content\/uploads\/2026\/01\/dr-tenzing-loden-3.jpeg 960w\" sizes=\"(max-width: 768px) 100vw, 768px\" \/>\t\t\t\t\t\t\t\t\t\t\t\t\t\t\t<\/div>\n\t\t\t\t<\/div>\n\t\t\t\t<div class=\"elementor-element elementor-element-d90b455 elementor-widget elementor-widget-gallery\" data-id=\"d90b455\" data-element_type=\"widget\" data-e-type=\"widget\" data-settings=\"{&quot;columns&quot;:2,&quot;lazyload&quot;:&quot;yes&quot;,&quot;gallery_layout&quot;:&quot;grid&quot;,&quot;columns_tablet&quot;:2,&quot;columns_mobile&quot;:1,&quot;gap&quot;:{&quot;unit&quot;:&quot;px&quot;,&quot;size&quot;:10,&quot;sizes&quot;:[]},&quot;gap_widescreen&quot;:{&quot;unit&quot;:&quot;px&quot;,&quot;size&quot;:&quot;&quot;,&quot;sizes&quot;:[]},&quot;gap_laptop&quot;:{&quot;unit&quot;:&quot;px&quot;,&quot;size&quot;:10,&quot;sizes&quot;:[]},&quot;gap_tablet_extra&quot;:{&quot;unit&quot;:&quot;px&quot;,&quot;size&quot;:10,&quot;sizes&quot;:[]},&quot;gap_tablet&quot;:{&quot;unit&quot;:&quot;px&quot;,&quot;size&quot;:10,&quot;sizes&quot;:[]},&quot;gap_mobile_extra&quot;:{&quot;unit&quot;:&quot;px&quot;,&quot;size&quot;:10,&quot;sizes&quot;:[]},&quot;gap_mobile&quot;:{&quot;unit&quot;:&quot;px&quot;,&quot;size&quot;:10,&quot;sizes&quot;:[]},&quot;link_to&quot;:&quot;file&quot;,&quot;aspect_ratio&quot;:&quot;3:2&quot;,&quot;overlay_background&quot;:&quot;yes&quot;,&quot;content_hover_animation&quot;:&quot;fade-in&quot;}\" data-widget_type=\"gallery.default\">\n\t\t\t\t<div class=\"elementor-widget-container\">\n\t\t\t\t\t\t\t<div class=\"elementor-gallery__container\">\n\t\t\t\t\t\t\t<a class=\"e-gallery-item elementor-gallery-item elementor-animated-content\" href=\"https:\/\/bodymindandsoulmallorca.com\/wp-content\/uploads\/2026\/01\/dr-tenzing-loden-6.jpeg\" data-elementor-open-lightbox=\"yes\" data-elementor-lightbox-slideshow=\"d90b455\" data-elementor-lightbox-title=\"dr-tenzing-loden-6\" data-e-action-hash=\"#elementor-action%3Aaction%3Dlightbox%26settings%3DeyJpZCI6NDYzMDYsInVybCI6Imh0dHBzOlwvXC9ib2R5bWluZGFuZHNvdWxtYWxsb3JjYS5jb21cL3dwLWNvbnRlbnRcL3VwbG9hZHNcLzIwMjZcLzAxXC9kci10ZW56aW5nLWxvZGVuLTYuanBlZyIsInNsaWRlc2hvdyI6ImQ5MGI0NTUifQ%3D%3D\">\n\t\t\t\t\t<div class=\"e-gallery-image elementor-gallery-item__image\" data-thumbnail=\"https:\/\/bodymindandsoulmallorca.com\/wp-content\/uploads\/2026\/01\/dr-tenzing-loden-6-300x225.jpeg\" data-width=\"300\" data-height=\"225\" aria-label=\"\" role=\"img\" ><\/div>\n\t\t\t\t\t\t\t\t\t\t\t<div class=\"elementor-gallery-item__overlay\"><\/div>\n\t\t\t\t\t\t\t\t\t\t\t\t\t\t<\/a>\n\t\t\t\t\t\t\t<a class=\"e-gallery-item elementor-gallery-item elementor-animated-content\" href=\"https:\/\/bodymindandsoulmallorca.com\/wp-content\/uploads\/2026\/01\/dr-tenzing-loden-4.jpeg\" data-elementor-open-lightbox=\"yes\" data-elementor-lightbox-slideshow=\"d90b455\" data-elementor-lightbox-title=\"dr-tenzing-loden-4\" data-e-action-hash=\"#elementor-action%3Aaction%3Dlightbox%26settings%3DeyJpZCI6NDYzMDQsInVybCI6Imh0dHBzOlwvXC9ib2R5bWluZGFuZHNvdWxtYWxsb3JjYS5jb21cL3dwLWNvbnRlbnRcL3VwbG9hZHNcLzIwMjZcLzAxXC9kci10ZW56aW5nLWxvZGVuLTQuanBlZyIsInNsaWRlc2hvdyI6ImQ5MGI0NTUifQ%3D%3D\">\n\t\t\t\t\t<div class=\"e-gallery-image elementor-gallery-item__image\" data-thumbnail=\"https:\/\/bodymindandsoulmallorca.com\/wp-content\/uploads\/2026\/01\/dr-tenzing-loden-4-300x225.jpeg\" data-width=\"300\" data-height=\"225\" aria-label=\"\" role=\"img\" ><\/div>\n\t\t\t\t\t\t\t\t\t\t\t<div class=\"elementor-gallery-item__overlay\"><\/div>\n\t\t\t\t\t\t\t\t\t\t\t\t\t\t<\/a>\n\t\t\t\t\t\t\t<a class=\"e-gallery-item elementor-gallery-item elementor-animated-content\" href=\"https:\/\/bodymindandsoulmallorca.com\/wp-content\/uploads\/2026\/01\/dr-tenzing-loden-2.jpeg\" data-elementor-open-lightbox=\"yes\" data-elementor-lightbox-slideshow=\"d90b455\" data-elementor-lightbox-title=\"dr-tenzing-loden-2\" data-e-action-hash=\"#elementor-action%3Aaction%3Dlightbox%26settings%3DeyJpZCI6NDYzMDIsInVybCI6Imh0dHBzOlwvXC9ib2R5bWluZGFuZHNvdWxtYWxsb3JjYS5jb21cL3dwLWNvbnRlbnRcL3VwbG9hZHNcLzIwMjZcLzAxXC9kci10ZW56aW5nLWxvZGVuLTIuanBlZyIsInNsaWRlc2hvdyI6ImQ5MGI0NTUifQ%3D%3D\">\n\t\t\t\t\t<div class=\"e-gallery-image elementor-gallery-item__image\" data-thumbnail=\"https:\/\/bodymindandsoulmallorca.com\/wp-content\/uploads\/2026\/01\/dr-tenzing-loden-2-225x300.jpeg\" data-width=\"225\" data-height=\"300\" aria-label=\"\" role=\"img\" ><\/div>\n\t\t\t\t\t\t\t\t\t\t\t<div class=\"elementor-gallery-item__overlay\"><\/div>\n\t\t\t\t\t\t\t\t\t\t\t\t\t\t<\/a>\n\t\t\t\t\t\t\t<a class=\"e-gallery-item elementor-gallery-item elementor-animated-content\" href=\"https:\/\/bodymindandsoulmallorca.com\/wp-content\/uploads\/2026\/01\/dr-tenzing-loden-1.jpeg\" data-elementor-open-lightbox=\"yes\" data-elementor-lightbox-slideshow=\"d90b455\" data-elementor-lightbox-title=\"dr-tenzing-loden-1\" data-e-action-hash=\"#elementor-action%3Aaction%3Dlightbox%26settings%3DeyJpZCI6NDYzMDEsInVybCI6Imh0dHBzOlwvXC9ib2R5bWluZGFuZHNvdWxtYWxsb3JjYS5jb21cL3dwLWNvbnRlbnRcL3VwbG9hZHNcLzIwMjZcLzAxXC9kci10ZW56aW5nLWxvZGVuLTEuanBlZyIsInNsaWRlc2hvdyI6ImQ5MGI0NTUifQ%3D%3D\">\n\t\t\t\t\t<div class=\"e-gallery-image elementor-gallery-item__image\" data-thumbnail=\"https:\/\/bodymindandsoulmallorca.com\/wp-content\/uploads\/2026\/01\/dr-tenzing-loden-1-225x300.jpeg\" data-width=\"225\" data-height=\"300\" aria-label=\"\" role=\"img\" ><\/div>\n\t\t\t\t\t\t\t\t\t\t\t<div class=\"elementor-gallery-item__overlay\"><\/div>\n\t\t\t\t\t\t\t\t\t\t\t\t\t\t<\/a>\n\t\t\t\t\t<\/div>\n\t\t\t\t\t<\/div>\n\t\t\t\t<\/div>\n\t\t\t\t<\/div>\n\t\t<div class=\"elementor-element elementor-element-40e3d16 e-con-full e-flex e-con e-child\" data-id=\"40e3d16\" data-element_type=\"container\" data-e-type=\"container\">\n\t\t\t\t<div class=\"elementor-element elementor-element-55c0076 elementor-widget elementor-widget-heading\" data-id=\"55c0076\" data-element_type=\"widget\" data-e-type=\"widget\" data-widget_type=\"heading.default\">\n\t\t\t\t<div class=\"elementor-widget-container\">\n\t\t\t\t\t<h2 class=\"elementor-heading-title elementor-size-default\">Dr. Tenzing Loden<\/h2>\t\t\t\t<\/div>\n\t\t\t\t<\/div>\n\t\t\t\t<div class=\"elementor-element elementor-element-421c5fd elementor-widget elementor-widget-heading\" data-id=\"421c5fd\" data-element_type=\"widget\" data-e-type=\"widget\" data-widget_type=\"heading.default\">\n\t\t\t\t<div class=\"elementor-widget-container\">\n\t\t\t\t\t<h2 class=\"elementor-heading-title elementor-size-default\">Tibetischer Arzt und Experte f\u00fcr ganzheitliche Gesundheit<\/h2>\t\t\t\t<\/div>\n\t\t\t\t<\/div>\n\t\t\t\t<div class=\"elementor-element elementor-element-f2de03a elementor-widget elementor-widget-text-editor\" data-id=\"f2de03a\" data-element_type=\"widget\" data-e-type=\"widget\" data-widget_type=\"text-editor.default\">\n\t\t\t\t<div class=\"elementor-widget-container\">\n\t\t\t\t\t\t\t\t\t<p data-start=\"425\" data-end=\"655\">Vom <strong data-start=\"429\" data-end=\"450\">19. bis 26. April<\/strong> hast Du die Gelegenheit, pers\u00f6nliche Konsultationen mit Dr. Loden zu buchen. Die Termine sind verf\u00fcgbar von <strong data-start=\"561\" data-end=\"584\">10:00 bis 13:00 Uhr<\/strong> und von <strong data-start=\"593\" data-end=\"616\">15:00 bis 18:00 Uhr<\/strong>, jeweils <strong data-start=\"626\" data-end=\"652\">30 Minuten pro Sitzung<\/strong>.<\/p><p data-start=\"657\" data-end=\"1046\">Dr. Loden begleitet Menschen auf dem Weg zu <strong data-start=\"701\" data-end=\"761\">Balance, innerem Frieden und ganzheitlichem Wohlbefinden<\/strong> durch die Prinzipien der tibetischen Medizin. Er war Dozent am <strong data-start=\"825\" data-end=\"885\">Chagpori Tibetan Medical Institute in Darjeeling, Indien<\/strong>, hat Seminare und Vortr\u00e4ge \u00fcber tibetische Medizin in Europa, Argentinien und Russland gehalten und arbeitet als Berater f\u00fcr individuelle Gesundheitsl\u00f6sungen.<\/p><p data-start=\"1048\" data-end=\"1325\">Seine Leidenschaft gilt <strong data-start=\"1072\" data-end=\"1135\">der F\u00f6rderung von Harmonie zwischen K\u00f6rper, Geist und Seele<\/strong> und der Unterst\u00fctzung jedes Einzelnen, <strong data-start=\"1175\" data-end=\"1216\">Gesundheit, Gl\u00fcck und inneren Frieden<\/strong> zu erreichen. Nutz diese einmalige Gelegenheit, von seiner Erfahrung und seinem Wissen zu profitieren.<\/p>\t\t\t\t\t\t\t\t<\/div>\n\t\t\t\t<\/div>\n\t\t\t\t<div class=\"elementor-element elementor-element-cc00221 elementor-position-inline-start elementor-view-default elementor-mobile-position-block-start elementor-widget elementor-widget-icon-box\" data-id=\"cc00221\" data-element_type=\"widget\" data-e-type=\"widget\" data-widget_type=\"icon-box.default\">\n\t\t\t\t<div class=\"elementor-widget-container\">\n\t\t\t\t\t\t\t<div class=\"elementor-icon-box-wrapper\">\n\n\t\t\t\t\t\t<div class=\"elementor-icon-box-icon\">\n\t\t\t\t<span  class=\"elementor-icon\">\n\t\t\t\t<i aria-hidden=\"true\" class=\"mdi mdi-star-four-points-outline\"><\/i>\t\t\t\t<\/span>\n\t\t\t<\/div>\n\t\t\t\n\t\t\t\t\t\t<div class=\"elementor-icon-box-content\">\n\n\t\t\t\t\t\t\t\t\t<h3 class=\"elementor-icon-box-title\">\n\t\t\t\t\t\t<span  >\n\t\t\t\t\t\t\tHinweis\t\t\t\t\t\t<\/span>\n\t\t\t\t\t<\/h3>\n\t\t\t\t\n\t\t\t\t\t\t\t\t\t<p class=\"elementor-icon-box-description\">\n\t\t\t\t\t\tDie geplante Behandlungsdauer betr\u00e4gt jeweils 30 Minuten. Dr. Loden wird sich aber die Zeit nehmen, die er braucht - daher k\u00f6nnen sich nachfolgende Termine etwas verschieben. Wir garantieren jedoch, dass alle Buchungen durchgef\u00fchrt werden.\t\t\t\t\t<\/p>\n\t\t\t\t\n\t\t\t<\/div>\n\t\t\t\n\t\t<\/div>\n\t\t\t\t\t\t<\/div>\n\t\t\t\t<\/div>\n\t\t\t\t<div class=\"elementor-element elementor-element-3b48d70 elementor-widget elementor-widget-shortcode\" data-id=\"3b48d70\" data-element_type=\"widget\" data-e-type=\"widget\" data-widget_type=\"shortcode.default\">\n\t\t\t\t<div class=\"elementor-widget-container\">\n\t\t\t\t\t\t\t<div class=\"elementor-shortcode\">\n<script>\n  if (typeof hasAmeliaEntitiesApiCall === 'undefined' && ('' === '' && '' !== '1')) {\n    var hasAmeliaEntitiesApiCall = true;\n  }\n  var ameliaShortcodeData = (typeof ameliaShortcodeData === 'undefined') ? [] : ameliaShortcodeData;\n  ameliaShortcodeData.push(\n    {\n      'hasApiCall': (typeof hasAmeliaEntitiesApiCall !== 'undefined') && hasAmeliaEntitiesApiCall,\n      'trigger': '',\n      'trigger_type': '',\n      'triggered_form': 'sbsNew',\n      'in_dialog': '',\n      'show': '',\n      'counter': '1000',\n      'category': '',\n      'service': '1',\n      'employee': '',\n      'location': '',\n      'package': '',\n      'layout': '',\n    }\n  );\n\n  var ameliaShortcodeDataTriggered = (typeof ameliaShortcodeDataTriggered === 'undefined') ? [] : ameliaShortcodeDataTriggered;\n  if (ameliaShortcodeData[ameliaShortcodeData.length - 1].trigger !== '') {\n    if (ameliaShortcodeDataTriggered.filter(a => a.counter === ameliaShortcodeData[ameliaShortcodeData.length - 1].counter).length === 0) {\n      ameliaShortcodeDataTriggered.push(ameliaShortcodeData.pop());\n    } else {\n      ameliaShortcodeData.pop()\n    }\n  }\n  if (typeof hasAmeliaEntitiesApiCall !== 'undefined' && hasAmeliaEntitiesApiCall) {\n    hasAmeliaEntitiesApiCall = false;\n  }\n<\/script>\n\n<div\n  id=\"amelia-v2-booking-1000\"\n  class=\"amelia-v2-booking\"\n >\n    <step-form-wrapper><\/step-form-wrapper><\/div>\n<\/div>\n\t\t\t\t\t\t<\/div>\n\t\t\t\t<\/div>\n\t\t\t\t<\/div>\n\t\t\t\t\t<\/div>\n\t\t\t\t<\/div>\n\t\t\t\t<\/div>\n\t\t","protected":false},"excerpt":{"rendered":"<p>Dr. Tenzing Loden Tibetischer Arzt und Experte f\u00fcr ganzheitliche Gesundheit Vom 19. bis 26. April hast Du die Gelegenheit, pers\u00f6nliche Konsultationen mit Dr. Loden zu buchen. Die Termine sind verf\u00fcgbar von 10:00 bis 13:00 Uhr und von 15:00 bis 18:00 Uhr, jeweils 30 Minuten pro Sitzung. Dr. Loden begleitet Menschen auf dem Weg zu Balance, [&hellip;]<\/p>\n","protected":false},"author":232,"featured_media":0,"parent":0,"menu_order":13,"comment_status":"closed","ping_status":"closed","template":"","meta":{"_acf_changed":false,"footnotes":""},"class_list":["post-45575","page","type-page","status-publish","hentry"],"acf":[],"_links":{"self":[{"href":"https:\/\/bodymindandsoulmallorca.com\/en\/wp-json\/wp\/v2\/pages\/45575","targetHints":{"allow":["GET"]}}],"collection":[{"href":"https:\/\/bodymindandsoulmallorca.com\/en\/wp-json\/wp\/v2\/pages"}],"about":[{"href":"https:\/\/bodymindandsoulmallorca.com\/en\/wp-json\/wp\/v2\/types\/page"}],"author":[{"embeddable":true,"href":"https:\/\/bodymindandsoulmallorca.com\/en\/wp-json\/wp\/v2\/users\/232"}],"replies":[{"embeddable":true,"href":"https:\/\/bodymindandsoulmallorca.com\/en\/wp-json\/wp\/v2\/comments?post=45575"}],"version-history":[{"count":108,"href":"https:\/\/bodymindandsoulmallorca.com\/en\/wp-json\/wp\/v2\/pages\/45575\/revisions"}],"predecessor-version":[{"id":46536,"href":"https:\/\/bodymindandsoulmallorca.com\/en\/wp-json\/wp\/v2\/pages\/45575\/revisions\/46536"}],"wp:attachment":[{"href":"https:\/\/bodymindandsoulmallorca.com\/en\/wp-json\/wp\/v2\/media?parent=45575"}],"curies":[{"name":"wp","href":"https:\/\/api.w.org\/{rel}","templated":true}]}}