{"id":45507,"date":"2025-12-17T16:32:31","date_gmt":"2025-12-17T15:32:31","guid":{"rendered":"https:\/\/bodymindandsoulmallorca.com\/?page_id=45507"},"modified":"2026-03-07T22:55:36","modified_gmt":"2026-03-07T21:55:36","slug":"charity","status":"publish","type":"page","link":"https:\/\/bodymindandsoulmallorca.com\/en\/charity\/","title":{"rendered":"Charity"},"content":{"rendered":"<div data-elementor-type=\"wp-page\" data-elementor-id=\"45507\" class=\"elementor elementor-45507\" data-elementor-post-type=\"page\">\n\t\t\t\t<div class=\"elementor-element elementor-element-7d709a0 e-flex e-con-boxed e-con e-parent\" data-id=\"7d709a0\" data-element_type=\"container\" data-e-type=\"container\">\n\t\t\t\t\t<div class=\"e-con-inner\">\n\t\t<div class=\"elementor-element elementor-element-6f52ecd e-con-full e-flex e-con e-child\" data-id=\"6f52ecd\" data-element_type=\"container\" data-e-type=\"container\" data-settings=\"{&quot;background_background&quot;:&quot;classic&quot;}\">\n\t\t\t\t<\/div>\n\t\t<div class=\"elementor-element elementor-element-d805999 e-con-full e-flex e-con e-child\" data-id=\"d805999\" data-element_type=\"container\" data-e-type=\"container\">\n\t\t\t\t<div class=\"elementor-element elementor-element-06b1a76 elementor-widget elementor-widget-heading\" data-id=\"06b1a76\" data-element_type=\"widget\" data-e-type=\"widget\" data-widget_type=\"heading.default\">\n\t\t\t\t<div class=\"elementor-widget-container\">\n\t\t\t\t\t<h2 class=\"elementor-heading-title elementor-size-default\">Charity<\/h2>\t\t\t\t<\/div>\n\t\t\t\t<\/div>\n\t\t\t\t<div class=\"elementor-element elementor-element-06aa21b elementor-widget elementor-widget-heading\" data-id=\"06aa21b\" data-element_type=\"widget\" data-e-type=\"widget\" data-widget_type=\"heading.default\">\n\t\t\t\t<div class=\"elementor-widget-container\">\n\t\t\t\t\t<h2 class=\"elementor-heading-title elementor-size-default\">Etwas zur\u00fcckgeben<\/h2>\t\t\t\t<\/div>\n\t\t\t\t<\/div>\n\t\t\t\t<div class=\"elementor-element elementor-element-564d4ca elementor-widget elementor-widget-text-editor\" data-id=\"564d4ca\" data-element_type=\"widget\" data-e-type=\"widget\" data-widget_type=\"text-editor.default\">\n\t\t\t\t<div class=\"elementor-widget-container\">\n\t\t\t\t\t\t\t\t\t<p data-start=\"142\" data-end=\"368\">Body Mind &amp; Soul Mallorca versteht sich nicht nur als Raum f\u00fcr pers\u00f6nliche Entwicklung, sondern auch als Teil eines gr\u00f6\u00dferen Ganzen.<br data-start=\"274\" data-end=\"277\" \/>Aus dieser Haltung heraus unterst\u00fctzen wir verschiedene soziale und gemeinn\u00fctzige Projekte.<\/p><p data-start=\"370\" data-end=\"549\">Die Beitr\u00e4ge entstehen aus den Retreats, aus Begegnungen und aus dem Wunsch, etwas weiterzugeben.<br data-start=\"467\" data-end=\"470\" \/>Jedes Projekt wird bewusst ausgew\u00e4hlt und auf unterschiedliche Weise begleitet.<\/p><p data-start=\"551\" data-end=\"655\">Hier geben wir Einblick in die Initiativen, die wir unterst\u00fctzen \u2013 und in das, was dadurch m\u00f6glich wird.<\/p>\t\t\t\t\t\t\t\t<\/div>\n\t\t\t\t<\/div>\n\t\t\t\t<\/div>\n\t\t\t\t\t<\/div>\n\t\t\t\t<\/div>\n\t\t<div class=\"elementor-element elementor-element-b217769 e-flex e-con-boxed e-con e-parent\" data-id=\"b217769\" data-element_type=\"container\" data-e-type=\"container\">\n\t\t\t\t\t<div class=\"e-con-inner\">\n\t\t\t\t<div class=\"elementor-element elementor-element-f5d183d elementor-grid-3 elementor-grid-tablet-2 elementor-grid-mobile-1 elementor-posts--thumbnail-top elementor-card-shadow-yes elementor-posts__hover-gradient elementor-widget elementor-widget-posts\" data-id=\"f5d183d\" data-element_type=\"widget\" data-e-type=\"widget\" data-settings=\"{&quot;cards_columns&quot;:&quot;3&quot;,&quot;cards_columns_tablet&quot;:&quot;2&quot;,&quot;cards_columns_mobile&quot;:&quot;1&quot;,&quot;cards_row_gap&quot;:{&quot;unit&quot;:&quot;px&quot;,&quot;size&quot;:35,&quot;sizes&quot;:[]},&quot;cards_row_gap_widescreen&quot;:{&quot;unit&quot;:&quot;px&quot;,&quot;size&quot;:&quot;&quot;,&quot;sizes&quot;:[]},&quot;cards_row_gap_laptop&quot;:{&quot;unit&quot;:&quot;px&quot;,&quot;size&quot;:&quot;&quot;,&quot;sizes&quot;:[]},&quot;cards_row_gap_tablet_extra&quot;:{&quot;unit&quot;:&quot;px&quot;,&quot;size&quot;:&quot;&quot;,&quot;sizes&quot;:[]},&quot;cards_row_gap_tablet&quot;:{&quot;unit&quot;:&quot;px&quot;,&quot;size&quot;:&quot;&quot;,&quot;sizes&quot;:[]},&quot;cards_row_gap_mobile_extra&quot;:{&quot;unit&quot;:&quot;px&quot;,&quot;size&quot;:&quot;&quot;,&quot;sizes&quot;:[]},&quot;cards_row_gap_mobile&quot;:{&quot;unit&quot;:&quot;px&quot;,&quot;size&quot;:&quot;&quot;,&quot;sizes&quot;:[]}}\" data-widget_type=\"posts.cards\">\n\t\t\t\t<div class=\"elementor-widget-container\">\n\t\t\t\t\t\t\t<div class=\"elementor-posts-container elementor-posts elementor-posts--skin-cards elementor-grid\" role=\"list\">\n\t\t\t\t<article class=\"elementor-post elementor-grid-item post-46037 post type-post status-publish format-standard has-post-thumbnail hentry category-charity\" role=\"listitem\">\n\t\t\t<div class=\"elementor-post__card\">\n\t\t\t\t<a class=\"elementor-post__thumbnail__link\" href=\"https:\/\/bodymindandsoulmallorca.com\/en\/school-of-joy\/\" tabindex=\"-1\" ><div class=\"elementor-post__thumbnail\"><img decoding=\"async\" width=\"300\" height=\"153\" src=\"https:\/\/bodymindandsoulmallorca.com\/wp-content\/uploads\/2026\/01\/school-of-joy-300x153.jpg\" class=\"attachment-medium size-medium wp-image-46041\" alt=\"\" srcset=\"https:\/\/bodymindandsoulmallorca.com\/wp-content\/uploads\/2026\/01\/school-of-joy-300x153.jpg 300w, https:\/\/bodymindandsoulmallorca.com\/wp-content\/uploads\/2026\/01\/school-of-joy-1024x523.jpg 1024w, https:\/\/bodymindandsoulmallorca.com\/wp-content\/uploads\/2026\/01\/school-of-joy-768x392.jpg 768w, https:\/\/bodymindandsoulmallorca.com\/wp-content\/uploads\/2026\/01\/school-of-joy-18x9.jpg 18w, https:\/\/bodymindandsoulmallorca.com\/wp-content\/uploads\/2026\/01\/school-of-joy-1000x510.jpg 1000w, https:\/\/bodymindandsoulmallorca.com\/wp-content\/uploads\/2026\/01\/school-of-joy.jpg 1111w\" sizes=\"(max-width: 300px) 100vw, 300px\" \/><\/div><\/a>\n\t\t\t\t<div class=\"elementor-post__badge\">Charity<\/div>\n\t\t\t\t<div class=\"elementor-post__text\">\n\t\t\t\t<h3 class=\"elementor-post__title\">\n\t\t\t<a href=\"https:\/\/bodymindandsoulmallorca.com\/en\/school-of-joy\/\" >\n\t\t\t\tSchool of Joy\t\t\t<\/a>\n\t\t<\/h3>\n\t\t\t\t\t<div class=\"elementor-post__read-more-wrapper\">\n\t\t\n\t\t<a class=\"elementor-post__read-more\" href=\"https:\/\/bodymindandsoulmallorca.com\/en\/school-of-joy\/\" aria-label=\"Read more about School of Joy\" tabindex=\"-1\" >\n\t\t\tMehr erfahren \u00bb\t\t<\/a>\n\n\t\t\t\t\t<\/div>\n\t\t\t\t<\/div>\n\t\t\t\t\t<\/div>\n\t\t<\/article>\n\t\t\t\t<article class=\"elementor-post elementor-grid-item post-45525 post type-post status-publish format-standard has-post-thumbnail hentry category-charity category-uncategorized\" role=\"listitem\">\n\t\t\t<div class=\"elementor-post__card\">\n\t\t\t\t<a class=\"elementor-post__thumbnail__link\" href=\"https:\/\/bodymindandsoulmallorca.com\/en\/hanin\/\" tabindex=\"-1\" ><div class=\"elementor-post__thumbnail\"><img fetchpriority=\"high\" decoding=\"async\" width=\"300\" height=\"300\" src=\"https:\/\/bodymindandsoulmallorca.com\/wp-content\/uploads\/2025\/12\/hanin-abdellaziz-300x300.jpeg\" class=\"attachment-medium size-medium wp-image-45526\" alt=\"\" srcset=\"https:\/\/bodymindandsoulmallorca.com\/wp-content\/uploads\/2025\/12\/hanin-abdellaziz-300x300.jpeg 300w, https:\/\/bodymindandsoulmallorca.com\/wp-content\/uploads\/2025\/12\/hanin-abdellaziz-150x150.jpeg 150w, https:\/\/bodymindandsoulmallorca.com\/wp-content\/uploads\/2025\/12\/hanin-abdellaziz-12x12.jpeg 12w, https:\/\/bodymindandsoulmallorca.com\/wp-content\/uploads\/2025\/12\/hanin-abdellaziz-100x100.jpeg 100w, https:\/\/bodymindandsoulmallorca.com\/wp-content\/uploads\/2025\/12\/hanin-abdellaziz.jpeg 750w\" sizes=\"(max-width: 300px) 100vw, 300px\" \/><\/div><\/a>\n\t\t\t\t<div class=\"elementor-post__badge\">Charity<\/div>\n\t\t\t\t<div class=\"elementor-post__text\">\n\t\t\t\t<h3 class=\"elementor-post__title\">\n\t\t\t<a href=\"https:\/\/bodymindandsoulmallorca.com\/en\/hanin\/\" >\n\t\t\t\tHanin\t\t\t<\/a>\n\t\t<\/h3>\n\t\t\t\t\t<div class=\"elementor-post__read-more-wrapper\">\n\t\t\n\t\t<a class=\"elementor-post__read-more\" href=\"https:\/\/bodymindandsoulmallorca.com\/en\/hanin\/\" aria-label=\"Read more about Hanin\" tabindex=\"-1\" >\n\t\t\tMehr erfahren \u00bb\t\t<\/a>\n\n\t\t\t\t\t<\/div>\n\t\t\t\t<\/div>\n\t\t\t\t\t<\/div>\n\t\t<\/article>\n\t\t\t\t<\/div>\n\t\t\n\t\t\t\t\t\t<\/div>\n\t\t\t\t<\/div>\n\t\t\t\t\t<\/div>\n\t\t\t\t<\/div>\n\t\t\t\t<\/div>","protected":false},"excerpt":{"rendered":"<p>Charity Etwas zur\u00fcckgeben Body Mind &amp; Soul Mallorca versteht sich nicht nur als Raum f\u00fcr pers\u00f6nliche Entwicklung, sondern auch als Teil eines gr\u00f6\u00dferen Ganzen.Aus dieser<\/p>","protected":false},"author":232,"featured_media":0,"parent":0,"menu_order":7,"comment_status":"closed","ping_status":"closed","template":"","meta":{"_acf_changed":false,"footnotes":""},"class_list":["post-45507","page","type-page","status-publish","hentry"],"acf":[],"_links":{"self":[{"href":"https:\/\/bodymindandsoulmallorca.com\/en\/wp-json\/wp\/v2\/pages\/45507","targetHints":{"allow":["GET"]}}],"collection":[{"href":"https:\/\/bodymindandsoulmallorca.com\/en\/wp-json\/wp\/v2\/pages"}],"about":[{"href":"https:\/\/bodymindandsoulmallorca.com\/en\/wp-json\/wp\/v2\/types\/page"}],"author":[{"embeddable":true,"href":"https:\/\/bodymindandsoulmallorca.com\/en\/wp-json\/wp\/v2\/users\/232"}],"replies":[{"embeddable":true,"href":"https:\/\/bodymindandsoulmallorca.com\/en\/wp-json\/wp\/v2\/comments?post=45507"}],"version-history":[{"count":22,"href":"https:\/\/bodymindandsoulmallorca.com\/en\/wp-json\/wp\/v2\/pages\/45507\/revisions"}],"predecessor-version":[{"id":45547,"href":"https:\/\/bodymindandsoulmallorca.com\/en\/wp-json\/wp\/v2\/pages\/45507\/revisions\/45547"}],"wp:attachment":[{"href":"https:\/\/bodymindandsoulmallorca.com\/en\/wp-json\/wp\/v2\/media?parent=45507"}],"curies":[{"name":"wp","href":"https:\/\/api.w.org\/{rel}","templated":true}]}}