{"id":45333,"date":"2025-12-17T14:45:00","date_gmt":"2025-12-17T13:45:00","guid":{"rendered":"https:\/\/bodymindandsoulmallorca.com\/?page_id=45333"},"modified":"2026-03-07T22:56:36","modified_gmt":"2026-03-07T21:56:36","slug":"bms-i-iii","status":"publish","type":"page","link":"https:\/\/bodymindandsoulmallorca.com\/en\/bms-i-iii\/","title":{"rendered":"BMS I-III"},"content":{"rendered":"<div data-elementor-type=\"wp-page\" data-elementor-id=\"45333\" class=\"elementor elementor-45333\" data-elementor-post-type=\"page\">\n\t\t\t\t<div class=\"elementor-element elementor-element-6e46ca8 e-flex e-con-boxed e-con e-parent\" data-id=\"6e46ca8\" data-element_type=\"container\" data-e-type=\"container\">\n\t\t\t\t\t<div class=\"e-con-inner\">\n\t\t<div class=\"elementor-element elementor-element-5ff33bf e-con-full e-flex e-con e-child\" data-id=\"5ff33bf\" data-element_type=\"container\" data-e-type=\"container\" data-settings=\"{&quot;background_background&quot;:&quot;classic&quot;}\">\n\t\t\t\t<\/div>\n\t\t<div class=\"elementor-element elementor-element-45cec2e e-con-full e-flex e-con e-child\" data-id=\"45cec2e\" data-element_type=\"container\" data-e-type=\"container\">\n\t\t\t\t<div class=\"elementor-element elementor-element-cf4c9ba elementor-widget elementor-widget-heading\" data-id=\"cf4c9ba\" data-element_type=\"widget\" data-e-type=\"widget\" data-widget_type=\"heading.default\">\n\t\t\t\t<div class=\"elementor-widget-container\">\n\t\t\t\t\t<h2 class=\"elementor-heading-title elementor-size-default\">BMS I-III<\/h2>\t\t\t\t<\/div>\n\t\t\t\t<\/div>\n\t\t\t\t<div class=\"elementor-element elementor-element-4776079 elementor-widget elementor-widget-heading\" data-id=\"4776079\" data-element_type=\"widget\" data-e-type=\"widget\" data-widget_type=\"heading.default\">\n\t\t\t\t<div class=\"elementor-widget-container\">\n\t\t\t\t\t<h2 class=\"elementor-heading-title elementor-size-default\">Der Anfang<\/h2>\t\t\t\t<\/div>\n\t\t\t\t<\/div>\n\t\t\t\t<div class=\"elementor-element elementor-element-54e963b elementor-widget elementor-widget-text-editor\" data-id=\"54e963b\" data-element_type=\"widget\" data-e-type=\"widget\" data-widget_type=\"text-editor.default\">\n\t\t\t\t<div class=\"elementor-widget-container\">\n\t\t\t\t\t\t\t\t\t<p data-start=\"483\" data-end=\"693\">Body Mind &amp; Soul Mallorca ist gewachsen \u2013 Schritt f\u00fcr Schritt, Begegnung f\u00fcr Begegnung.<br data-start=\"570\" data-end=\"573\" \/>Die ersten drei Ausgaben waren mehr als Retreats: Sie waren R\u00e4ume f\u00fcr R\u00fcckzug, Bewegung, Austausch und echte Verbindung.<\/p><p data-start=\"695\" data-end=\"868\">BMS I\u2013III stehen f\u00fcr den Ursprung dieser Reise. F\u00fcr Menschen, die sich Zeit genommen haben. F\u00fcr Tage voller Achtsamkeit, Tiefe und Leichtigkeit. F\u00fcr Momente, die nachwirken.<\/p><p data-start=\"870\" data-end=\"1066\">Hier findest du Einblicke in die vergangenen Veranstaltungen \u2013 Impressionen, Stimmungen und Erinnerungen, die den Weg bis heute gepr\u00e4gt haben.<br data-start=\"1012\" data-end=\"1015\" \/>Im April 2026 geht die Reise weiter mit <a href=\"https:\/\/bodymindandsoulmallorca.com\/en\/\"><strong data-start=\"1055\" data-end=\"1065\">Vol. 4<\/strong>.<\/a><\/p>\t\t\t\t\t\t\t\t<\/div>\n\t\t\t\t<\/div>\n\t\t\t\t<\/div>\n\t\t\t\t\t<\/div>\n\t\t\t\t<\/div>\n\t\t<div class=\"elementor-element elementor-element-b9f8808 e-flex e-con-boxed e-con e-parent\" data-id=\"b9f8808\" data-element_type=\"container\" data-e-type=\"container\">\n\t\t\t\t\t<div class=\"e-con-inner\">\n\t\t\t\t<div class=\"elementor-element elementor-element-c3122f8 elementor-grid-3 elementor-grid-tablet-2 elementor-grid-mobile-1 elementor-posts--thumbnail-top elementor-posts--show-avatar elementor-card-shadow-yes elementor-posts__hover-gradient elementor-widget elementor-widget-posts\" data-id=\"c3122f8\" data-element_type=\"widget\" data-e-type=\"widget\" data-settings=\"{&quot;cards_columns&quot;:&quot;3&quot;,&quot;cards_columns_tablet&quot;:&quot;2&quot;,&quot;cards_columns_mobile&quot;:&quot;1&quot;,&quot;cards_row_gap&quot;:{&quot;unit&quot;:&quot;px&quot;,&quot;size&quot;:35,&quot;sizes&quot;:[]},&quot;cards_row_gap_widescreen&quot;:{&quot;unit&quot;:&quot;px&quot;,&quot;size&quot;:&quot;&quot;,&quot;sizes&quot;:[]},&quot;cards_row_gap_laptop&quot;:{&quot;unit&quot;:&quot;px&quot;,&quot;size&quot;:&quot;&quot;,&quot;sizes&quot;:[]},&quot;cards_row_gap_tablet_extra&quot;:{&quot;unit&quot;:&quot;px&quot;,&quot;size&quot;:&quot;&quot;,&quot;sizes&quot;:[]},&quot;cards_row_gap_tablet&quot;:{&quot;unit&quot;:&quot;px&quot;,&quot;size&quot;:&quot;&quot;,&quot;sizes&quot;:[]},&quot;cards_row_gap_mobile_extra&quot;:{&quot;unit&quot;:&quot;px&quot;,&quot;size&quot;:&quot;&quot;,&quot;sizes&quot;:[]},&quot;cards_row_gap_mobile&quot;:{&quot;unit&quot;:&quot;px&quot;,&quot;size&quot;:&quot;&quot;,&quot;sizes&quot;:[]}}\" data-widget_type=\"posts.cards\">\n\t\t\t\t<div class=\"elementor-widget-container\">\n\t\t\t\t\t\t\t<div class=\"elementor-posts-container elementor-posts elementor-posts--skin-cards elementor-grid\" role=\"list\">\n\t\t\t\t<article class=\"elementor-post elementor-grid-item post-46037 post type-post status-publish format-standard has-post-thumbnail hentry category-charity\" role=\"listitem\">\n\t\t\t<div class=\"elementor-post__card\">\n\t\t\t\t<a class=\"elementor-post__thumbnail__link\" href=\"https:\/\/bodymindandsoulmallorca.com\/en\/school-of-joy\/\" tabindex=\"-1\" ><div class=\"elementor-post__thumbnail\"><img decoding=\"async\" width=\"300\" height=\"153\" src=\"https:\/\/bodymindandsoulmallorca.com\/wp-content\/uploads\/2026\/01\/school-of-joy-300x153.jpg\" class=\"attachment-medium size-medium wp-image-46041\" alt=\"\" srcset=\"https:\/\/bodymindandsoulmallorca.com\/wp-content\/uploads\/2026\/01\/school-of-joy-300x153.jpg 300w, https:\/\/bodymindandsoulmallorca.com\/wp-content\/uploads\/2026\/01\/school-of-joy-1024x523.jpg 1024w, https:\/\/bodymindandsoulmallorca.com\/wp-content\/uploads\/2026\/01\/school-of-joy-768x392.jpg 768w, https:\/\/bodymindandsoulmallorca.com\/wp-content\/uploads\/2026\/01\/school-of-joy-18x9.jpg 18w, https:\/\/bodymindandsoulmallorca.com\/wp-content\/uploads\/2026\/01\/school-of-joy-1000x510.jpg 1000w, https:\/\/bodymindandsoulmallorca.com\/wp-content\/uploads\/2026\/01\/school-of-joy.jpg 1111w\" sizes=\"(max-width: 300px) 100vw, 300px\" \/><\/div><\/a>\n\t\t\t\t<div class=\"elementor-post__badge\">Charity<\/div>\n\t\t\t\t<div class=\"elementor-post__avatar\">\n\t\t\t<img alt='Pia' src='https:\/\/secure.gravatar.com\/avatar\/555939411e6a73c59f94e6cab77a4324c5208e8223785dd8c51cddcf965652db?s=128&#038;d=mm&#038;r=g' srcset='https:\/\/secure.gravatar.com\/avatar\/555939411e6a73c59f94e6cab77a4324c5208e8223785dd8c51cddcf965652db?s=256&#038;d=mm&#038;r=g 2x' class='avatar avatar-128 photo' height='128' width='128' \/>\t\t<\/div>\n\t\t\t\t<div class=\"elementor-post__text\">\n\t\t\t\t<h3 class=\"elementor-post__title\">\n\t\t\t<a href=\"https:\/\/bodymindandsoulmallorca.com\/en\/school-of-joy\/\" >\n\t\t\t\tSchool of Joy\t\t\t<\/a>\n\t\t<\/h3>\n\t\t\t\t<div class=\"elementor-post__excerpt\">\n\t\t\t<p>Charity School of Joy Mehr Liebe, Leichtigkeit und fr\u00f6hliches Miteinander im Alltag. Die School of Joy unterst\u00fctzt dich dabei, mit den noch nie dagewesenen Herausforderungen<\/p>\n\t\t<\/div>\n\t\t\n\t\t<a class=\"elementor-post__read-more\" href=\"https:\/\/bodymindandsoulmallorca.com\/en\/school-of-joy\/\" aria-label=\"Read more about School of Joy\" tabindex=\"-1\" >\n\t\t\tMehr erfahren \u00bb\t\t<\/a>\n\n\t\t\t\t<\/div>\n\t\t\t\t<div class=\"elementor-post__meta-data\">\n\t\t\t\t\t<span class=\"elementor-post-date\">\n\t\t\tJanuary 23, 2026\t\t<\/span>\n\t\t\t\t<\/div>\n\t\t\t\t\t<\/div>\n\t\t<\/article>\n\t\t\t\t<article class=\"elementor-post elementor-grid-item post-45525 post type-post status-publish format-standard has-post-thumbnail hentry category-charity category-uncategorized\" role=\"listitem\">\n\t\t\t<div class=\"elementor-post__card\">\n\t\t\t\t<a class=\"elementor-post__thumbnail__link\" href=\"https:\/\/bodymindandsoulmallorca.com\/en\/hanin\/\" tabindex=\"-1\" ><div class=\"elementor-post__thumbnail\"><img fetchpriority=\"high\" decoding=\"async\" width=\"300\" height=\"300\" src=\"https:\/\/bodymindandsoulmallorca.com\/wp-content\/uploads\/2025\/12\/hanin-abdellaziz-300x300.jpeg\" class=\"attachment-medium size-medium wp-image-45526\" alt=\"\" srcset=\"https:\/\/bodymindandsoulmallorca.com\/wp-content\/uploads\/2025\/12\/hanin-abdellaziz-300x300.jpeg 300w, https:\/\/bodymindandsoulmallorca.com\/wp-content\/uploads\/2025\/12\/hanin-abdellaziz-150x150.jpeg 150w, https:\/\/bodymindandsoulmallorca.com\/wp-content\/uploads\/2025\/12\/hanin-abdellaziz-12x12.jpeg 12w, https:\/\/bodymindandsoulmallorca.com\/wp-content\/uploads\/2025\/12\/hanin-abdellaziz-100x100.jpeg 100w, https:\/\/bodymindandsoulmallorca.com\/wp-content\/uploads\/2025\/12\/hanin-abdellaziz.jpeg 750w\" sizes=\"(max-width: 300px) 100vw, 300px\" \/><\/div><\/a>\n\t\t\t\t<div class=\"elementor-post__badge\">Charity<\/div>\n\t\t\t\t<div class=\"elementor-post__avatar\">\n\t\t\t<img alt='Pia' src='https:\/\/secure.gravatar.com\/avatar\/555939411e6a73c59f94e6cab77a4324c5208e8223785dd8c51cddcf965652db?s=128&#038;d=mm&#038;r=g' srcset='https:\/\/secure.gravatar.com\/avatar\/555939411e6a73c59f94e6cab77a4324c5208e8223785dd8c51cddcf965652db?s=256&#038;d=mm&#038;r=g 2x' class='avatar avatar-128 photo' height='128' width='128' \/>\t\t<\/div>\n\t\t\t\t<div class=\"elementor-post__text\">\n\t\t\t\t<h3 class=\"elementor-post__title\">\n\t\t\t<a href=\"https:\/\/bodymindandsoulmallorca.com\/en\/hanin\/\" >\n\t\t\t\tHanin\t\t\t<\/a>\n\t\t<\/h3>\n\t\t\t\t<div class=\"elementor-post__excerpt\">\n\t\t\t<p>Charity Hanin Abdellaziz Wie kann Heilung f\u00fcr Mensch und Erde gemeinsam gedacht werden? Gemeinsam mit seinem Vater Madjid Abdellaziz steht Hanin f\u00fcr einen ganzheitlichen Ansatz,<\/p>\n\t\t<\/div>\n\t\t\n\t\t<a class=\"elementor-post__read-more\" href=\"https:\/\/bodymindandsoulmallorca.com\/en\/hanin\/\" aria-label=\"Read more about Hanin\" tabindex=\"-1\" >\n\t\t\tMehr erfahren \u00bb\t\t<\/a>\n\n\t\t\t\t<\/div>\n\t\t\t\t<div class=\"elementor-post__meta-data\">\n\t\t\t\t\t<span class=\"elementor-post-date\">\n\t\t\tDecember 17, 2025\t\t<\/span>\n\t\t\t\t<\/div>\n\t\t\t\t\t<\/div>\n\t\t<\/article>\n\t\t\t\t<article class=\"elementor-post elementor-grid-item post-45474 post type-post status-publish format-standard hentry category-uncategorized\" role=\"listitem\">\n\t\t\t<div class=\"elementor-post__card\">\n\t\t\t\t<div class=\"elementor-post__text\">\n\t\t\t\t<h3 class=\"elementor-post__title\">\n\t\t\t<a href=\"https:\/\/bodymindandsoulmallorca.com\/en\/body-mind-soul-mallorca-vol-iii\/\" >\n\t\t\t\tBody Mind &amp; Soul Mallorca &#8211; Vol. III\t\t\t<\/a>\n\t\t<\/h3>\n\t\t\t\t<div class=\"elementor-post__excerpt\">\n\t\t\t<p>BMS &#8211; Vol. III Integration &amp; Leichtigkeit BMS III stand f\u00fcr Balance.Tiefe Arbeit und Leichtigkeit fanden ihren Platz nebeneinander. Rituale, Bewegung und Zeit f\u00fcr sich<\/p>\n\t\t<\/div>\n\t\t\n\t\t<a class=\"elementor-post__read-more\" href=\"https:\/\/bodymindandsoulmallorca.com\/en\/body-mind-soul-mallorca-vol-iii\/\" aria-label=\"Read more about Body Mind &amp; Soul Mallorca &#8211; Vol. III\" tabindex=\"-1\" >\n\t\t\tMehr erfahren \u00bb\t\t<\/a>\n\n\t\t\t\t<\/div>\n\t\t\t\t<div class=\"elementor-post__meta-data\">\n\t\t\t\t\t<span class=\"elementor-post-date\">\n\t\t\tOctober 29, 2025\t\t<\/span>\n\t\t\t\t<\/div>\n\t\t\t\t\t<\/div>\n\t\t<\/article>\n\t\t\t\t<article class=\"elementor-post elementor-grid-item post-45467 post type-post status-publish format-standard hentry category-uncategorized\" role=\"listitem\">\n\t\t\t<div class=\"elementor-post__card\">\n\t\t\t\t<div class=\"elementor-post__text\">\n\t\t\t\t<h3 class=\"elementor-post__title\">\n\t\t\t<a href=\"https:\/\/bodymindandsoulmallorca.com\/en\/body-mind-soul-mallorca-vol-ii\/\" >\n\t\t\t\tBody Mind &amp; Soul Mallorca &#8211; Vol. II\t\t\t<\/a>\n\t\t<\/h3>\n\t\t\t\t<div class=\"elementor-post__excerpt\">\n\t\t\t<p>BMS &#8211; Vol. II Vertiefung &amp; Verbindung Mit BMS II wurde es vertrauter.Die Gruppe wuchs, die Prozesse wurden tiefer, der Austausch offener. Bewegung, Achtsamkeit und<\/p>\n\t\t<\/div>\n\t\t\n\t\t<a class=\"elementor-post__read-more\" href=\"https:\/\/bodymindandsoulmallorca.com\/en\/body-mind-soul-mallorca-vol-ii\/\" aria-label=\"Read more about Body Mind &amp; Soul Mallorca &#8211; Vol. II\" tabindex=\"-1\" >\n\t\t\tMehr erfahren \u00bb\t\t<\/a>\n\n\t\t\t\t<\/div>\n\t\t\t\t<div class=\"elementor-post__meta-data\">\n\t\t\t\t\t<span class=\"elementor-post-date\">\n\t\t\tApril 30, 2025\t\t<\/span>\n\t\t\t\t<\/div>\n\t\t\t\t\t<\/div>\n\t\t<\/article>\n\t\t\t\t<article class=\"elementor-post elementor-grid-item post-45347 post type-post status-publish format-standard hentry category-uncategorized\" role=\"listitem\">\n\t\t\t<div class=\"elementor-post__card\">\n\t\t\t\t<div class=\"elementor-post__text\">\n\t\t\t\t<h3 class=\"elementor-post__title\">\n\t\t\t<a href=\"https:\/\/bodymindandsoulmallorca.com\/en\/body-mind-soul-mallorca-vol-i\/\" >\n\t\t\t\tBody Mind &amp; Soul Mallorca &#8211; Vol. I\t\t\t<\/a>\n\t\t<\/h3>\n\t\t\t\t<div class=\"elementor-post__excerpt\">\n\t\t\t<p>BMS &#8211; Vol. I Die ersten Kapitel BMS I war der Startpunkt.Ein bewusst kleiner Rahmen, viel Raum zum Ankommen und die erste gemeinsame Erfahrung von<\/p>\n\t\t<\/div>\n\t\t\n\t\t<a class=\"elementor-post__read-more\" href=\"https:\/\/bodymindandsoulmallorca.com\/en\/body-mind-soul-mallorca-vol-i\/\" aria-label=\"Read more about Body Mind &amp; Soul Mallorca &#8211; Vol. I\" tabindex=\"-1\" >\n\t\t\tMehr erfahren \u00bb\t\t<\/a>\n\n\t\t\t\t<\/div>\n\t\t\t\t<div class=\"elementor-post__meta-data\">\n\t\t\t\t\t<span class=\"elementor-post-date\">\n\t\t\tOctober 28, 2024\t\t<\/span>\n\t\t\t\t<\/div>\n\t\t\t\t\t<\/div>\n\t\t<\/article>\n\t\t\t\t<\/div>\n\t\t\n\t\t\t\t\t\t<\/div>\n\t\t\t\t<\/div>\n\t\t\t\t\t<\/div>\n\t\t\t\t<\/div>\n\t\t\t\t<\/div>","protected":false},"excerpt":{"rendered":"<p>BMS I-III Der Anfang Body Mind &amp; Soul Mallorca ist gewachsen \u2013 Schritt f\u00fcr Schritt, Begegnung f\u00fcr Begegnung.Die ersten drei Ausgaben waren mehr als Retreats: Sie waren R\u00e4ume f\u00fcr R\u00fcckzug, Bewegung, Austausch und echte Verbindung. BMS I\u2013III stehen f\u00fcr den Ursprung dieser Reise. F\u00fcr Menschen, die sich Zeit genommen haben. F\u00fcr Tage voller Achtsamkeit, Tiefe [&hellip;]<\/p>\n","protected":false},"author":232,"featured_media":0,"parent":0,"menu_order":9,"comment_status":"closed","ping_status":"closed","template":"","meta":{"_acf_changed":false,"footnotes":""},"class_list":["post-45333","page","type-page","status-publish","hentry"],"acf":[],"_links":{"self":[{"href":"https:\/\/bodymindandsoulmallorca.com\/en\/wp-json\/wp\/v2\/pages\/45333","targetHints":{"allow":["GET"]}}],"collection":[{"href":"https:\/\/bodymindandsoulmallorca.com\/en\/wp-json\/wp\/v2\/pages"}],"about":[{"href":"https:\/\/bodymindandsoulmallorca.com\/en\/wp-json\/wp\/v2\/types\/page"}],"author":[{"embeddable":true,"href":"https:\/\/bodymindandsoulmallorca.com\/en\/wp-json\/wp\/v2\/users\/232"}],"replies":[{"embeddable":true,"href":"https:\/\/bodymindandsoulmallorca.com\/en\/wp-json\/wp\/v2\/comments?post=45333"}],"version-history":[{"count":13,"href":"https:\/\/bodymindandsoulmallorca.com\/en\/wp-json\/wp\/v2\/pages\/45333\/revisions"}],"predecessor-version":[{"id":45460,"href":"https:\/\/bodymindandsoulmallorca.com\/en\/wp-json\/wp\/v2\/pages\/45333\/revisions\/45460"}],"wp:attachment":[{"href":"https:\/\/bodymindandsoulmallorca.com\/en\/wp-json\/wp\/v2\/media?parent=45333"}],"curies":[{"name":"wp","href":"https:\/\/api.w.org\/{rel}","templated":true}]}}