{"id":44337,"date":"2025-11-22T16:11:37","date_gmt":"2025-11-22T15:11:37","guid":{"rendered":"https:\/\/bodymindandsoulmallorca.com\/?page_id=44337"},"modified":"2026-03-28T07:53:13","modified_gmt":"2026-03-28T06:53:13","slug":"live-experience","status":"publish","type":"page","link":"https:\/\/bodymindandsoulmallorca.com\/en\/live-experience\/","title":{"rendered":"Live Experience"},"content":{"rendered":"<div data-elementor-type=\"wp-page\" data-elementor-id=\"44337\" class=\"elementor elementor-44337\" data-elementor-post-type=\"page\">\n\t\t\t\t<div class=\"elementor-element elementor-element-721377c5 e-flex e-con-boxed e-con e-parent\" data-id=\"721377c5\" data-element_type=\"container\" data-e-type=\"container\">\n\t\t\t\t\t<div class=\"e-con-inner\">\n\t\t<div class=\"elementor-element elementor-element-5bbdc2ad e-con-full e-flex e-con e-child\" data-id=\"5bbdc2ad\" data-element_type=\"container\" data-e-type=\"container\" data-settings=\"{&quot;background_background&quot;:&quot;classic&quot;}\">\n\t\t\t\t<\/div>\n\t\t<div class=\"elementor-element elementor-element-8fd7be9 e-con-full e-flex e-con e-child\" data-id=\"8fd7be9\" data-element_type=\"container\" data-e-type=\"container\">\n\t\t\t\t<div class=\"elementor-element elementor-element-4b130642 elementor-widget elementor-widget-heading\" data-id=\"4b130642\" data-element_type=\"widget\" data-e-type=\"widget\" data-widget_type=\"heading.default\">\n\t\t\t\t<div class=\"elementor-widget-container\">\n\t\t\t\t\t<h2 class=\"elementor-heading-title elementor-size-default\">Live Experience<\/h2>\t\t\t\t<\/div>\n\t\t\t\t<\/div>\n\t\t\t\t<div class=\"elementor-element elementor-element-326614de elementor-widget elementor-widget-heading\" data-id=\"326614de\" data-element_type=\"widget\" data-e-type=\"widget\" data-widget_type=\"heading.default\">\n\t\t\t\t<div class=\"elementor-widget-container\">\n\t\t\t\t\t<h2 class=\"elementor-heading-title elementor-size-default\">Eine Einladung<\/h2>\t\t\t\t<\/div>\n\t\t\t\t<\/div>\n\t\t\t\t<div class=\"elementor-element elementor-element-6bf8d1a6 elementor-widget elementor-widget-text-editor\" data-id=\"6bf8d1a6\" data-element_type=\"widget\" data-e-type=\"widget\" data-widget_type=\"text-editor.default\">\n\t\t\t\t<div class=\"elementor-widget-container\">\n\t\t\t\t\t\t\t\t\t<p>zur echten Begegnung \u2013 mit Speakern, mit anderen Teilnehmern und mit dem Wesentlichen in dir.<\/p>\t\t\t\t\t\t\t\t<\/div>\n\t\t\t\t<\/div>\n\t\t\t\t<\/div>\n\t\t\t\t\t<\/div>\n\t\t\t\t<\/div>\n\t\t<div class=\"elementor-element elementor-element-2075cb3c e-flex e-con-boxed e-con e-parent\" data-id=\"2075cb3c\" data-element_type=\"container\" data-e-type=\"container\">\n\t\t\t\t\t<div class=\"e-con-inner\">\n\t\t<div class=\"elementor-element elementor-element-36a4f84b e-con-full e-flex e-con e-child\" data-id=\"36a4f84b\" data-element_type=\"container\" data-e-type=\"container\" data-settings=\"{&quot;background_background&quot;:&quot;classic&quot;}\">\n\t\t\t\t<\/div>\n\t\t<div class=\"elementor-element elementor-element-3d940748 e-con-full e-flex e-con e-child\" data-id=\"3d940748\" data-element_type=\"container\" data-e-type=\"container\">\n\t\t\t\t<div class=\"elementor-element elementor-element-695c415a elementor-widget elementor-widget-text-editor\" data-id=\"695c415a\" data-element_type=\"widget\" data-e-type=\"widget\" data-widget_type=\"text-editor.default\">\n\t\t\t\t<div class=\"elementor-widget-container\">\n\t\t\t\t\t\t\t\t\t<p>In einer Welt voller Tools zur Selbstoptimierung suchen viele nach einem Ort, der tiefer geht \u2013 nach echter Verbindung, neuen Perspektiven und lebendiger Inspiration.<\/p><p><strong>Die BMS Live Experience ist genau dieser Ort. <\/strong><\/p><p>Wir laden dich zu unseren regelm\u00e4\u00dfigen besonderen <strong>Live-Events auf Zoom<\/strong> ein\u00a0 \u2013 mit wechselnden Speakern, die wirklich leben, was sie lehren.<\/p>\t\t\t\t\t\t\t\t<\/div>\n\t\t\t\t<\/div>\n\t\t\t\t<div class=\"elementor-element elementor-element-323e5216 elementor-widget elementor-widget-heading\" data-id=\"323e5216\" data-element_type=\"widget\" data-e-type=\"widget\" data-widget_type=\"heading.default\">\n\t\t\t\t<div class=\"elementor-widget-container\">\n\t\t\t\t\t<h2 class=\"elementor-heading-title elementor-size-default\">Kostenlos. Online. Echt.<\/h2>\t\t\t\t<\/div>\n\t\t\t\t<\/div>\n\t\t\t\t<\/div>\n\t\t\t\t\t<\/div>\n\t\t\t\t<\/div>\n\t\t<div class=\"elementor-element elementor-element-62d5267b e-flex e-con-boxed e-con e-parent\" data-id=\"62d5267b\" data-element_type=\"container\" data-e-type=\"container\">\n\t\t\t\t\t<div class=\"e-con-inner\">\n\t\t<div class=\"elementor-element elementor-element-54ef21e e-con-full e-flex e-con e-child\" data-id=\"54ef21e\" data-element_type=\"container\" data-e-type=\"container\" data-settings=\"{&quot;background_background&quot;:&quot;classic&quot;}\">\n\t\t\t\t<\/div>\n\t\t<div class=\"elementor-element elementor-element-59e95bb7 e-con-full e-flex e-con e-child\" data-id=\"59e95bb7\" data-element_type=\"container\" data-e-type=\"container\">\n\t\t\t\t<div class=\"elementor-element elementor-element-2927700e elementor-widget elementor-widget-heading\" data-id=\"2927700e\" data-element_type=\"widget\" data-e-type=\"widget\" data-widget_type=\"heading.default\">\n\t\t\t\t<div class=\"elementor-widget-container\">\n\t\t\t\t\t<h2 class=\"elementor-heading-title elementor-size-default\">Was Dich erwartet<\/h2>\t\t\t\t<\/div>\n\t\t\t\t<\/div>\n\t\t\t\t<div class=\"elementor-element elementor-element-1ecc529b elementor-widget elementor-widget-heading\" data-id=\"1ecc529b\" data-element_type=\"widget\" data-e-type=\"widget\" data-widget_type=\"heading.default\">\n\t\t\t\t<div class=\"elementor-widget-container\">\n\t\t\t\t\t<h2 class=\"elementor-heading-title elementor-size-default\">Was Dich erwartet<\/h2>\t\t\t\t<\/div>\n\t\t\t\t<\/div>\n\t\t\t\t<div class=\"elementor-element elementor-element-7b29c86a elementor-align-start elementor-widget__width-initial elementor-icon-list--layout-traditional elementor-list-item-link-full_width elementor-widget elementor-widget-icon-list\" data-id=\"7b29c86a\" data-element_type=\"widget\" data-e-type=\"widget\" data-widget_type=\"icon-list.default\">\n\t\t\t\t<div class=\"elementor-widget-container\">\n\t\t\t\t\t\t\t<ul class=\"elementor-icon-list-items\">\n\t\t\t\t\t\t\t<li class=\"elementor-icon-list-item\">\n\t\t\t\t\t\t\t\t\t\t\t<span class=\"elementor-icon-list-icon\">\n\t\t\t\t\t\t\t<i aria-hidden=\"true\" class=\"lnr lnr-chevron-right\"><\/i>\t\t\t\t\t\t<\/span>\n\t\t\t\t\t\t\t\t\t\t<span class=\"elementor-icon-list-text\">Live-Sessions mit inspirierenden Speaker: innen aus Wissenschaft, Coaching &amp; moderner Spiritualit\u00e4t<\/span>\n\t\t\t\t\t\t\t\t\t<\/li>\n\t\t\t\t\t\t\t\t<li class=\"elementor-icon-list-item\">\n\t\t\t\t\t\t\t\t\t\t\t<span class=\"elementor-icon-list-icon\">\n\t\t\t\t\t\t\t<i aria-hidden=\"true\" class=\"lnr lnr-chevron-right\"><\/i>\t\t\t\t\t\t<\/span>\n\t\t\t\t\t\t\t\t\t\t<span class=\"elementor-icon-list-text\">Gef\u00fchrte Reflexionen &amp; konkrete Impulse f\u00fcr deine aktuelle Lebenssituation<\/span>\n\t\t\t\t\t\t\t\t\t<\/li>\n\t\t\t\t\t\t\t\t<li class=\"elementor-icon-list-item\">\n\t\t\t\t\t\t\t\t\t\t\t<span class=\"elementor-icon-list-icon\">\n\t\t\t\t\t\t\t<i aria-hidden=\"true\" class=\"lnr lnr-chevron-right\"><\/i>\t\t\t\t\t\t<\/span>\n\t\t\t\t\t\t\t\t\t\t<span class=\"elementor-icon-list-text\">Raum f\u00fcr Austausch, ehrliche Begegnung &amp; echte Tiefe<\/span>\n\t\t\t\t\t\t\t\t\t<\/li>\n\t\t\t\t\t\t\t\t<li class=\"elementor-icon-list-item\">\n\t\t\t\t\t\t\t\t\t\t\t<span class=\"elementor-icon-list-icon\">\n\t\t\t\t\t\t\t<i aria-hidden=\"true\" class=\"lnr lnr-chevron-right\"><\/i>\t\t\t\t\t\t<\/span>\n\t\t\t\t\t\t\t\t\t\t<span class=\"elementor-icon-list-text\">Ein sicherer Rahmen, um dich neu auszurichten \u2013 im Alltag, in dir selbst und in deinem Business!<\/span>\n\t\t\t\t\t\t\t\t\t<\/li>\n\t\t\t\t\t\t\t\t<li class=\"elementor-icon-list-item\">\n\t\t\t\t\t\t\t\t\t\t\t<span class=\"elementor-icon-list-icon\">\n\t\t\t\t\t\t\t<i aria-hidden=\"true\" class=\"lnr lnr-chevron-right\"><\/i>\t\t\t\t\t\t<\/span>\n\t\t\t\t\t\t\t\t\t\t<span class=\"elementor-icon-list-text\">Hier triffst du auf Pionier*innen und Expert*innen aus Bereichen wie Biohacking, Breathwork, Neuroregulation, Purpose- Coaching, Energiearbeit, Longevity und moderner energetischer Traumalo\u0308sung.<\/span>\n\t\t\t\t\t\t\t\t\t<\/li>\n\t\t\t\t\t\t\t\t<li class=\"elementor-icon-list-item\">\n\t\t\t\t\t\t\t\t\t\t\t<span class=\"elementor-icon-list-icon\">\n\t\t\t\t\t\t\t<i aria-hidden=\"true\" class=\"lnr lnr-chevron-right\"><\/i>\t\t\t\t\t\t<\/span>\n\t\t\t\t\t\t\t\t\t\t<span class=\"elementor-icon-list-text\">Du kannst dein Nervensystem beruhigen, alte Muster lo\u0308sen, deine neue Lebensvision finden oder dein Business aus innerer Klarheit heraus neu ausrichten<\/span>\n\t\t\t\t\t\t\t\t\t<\/li>\n\t\t\t\t\t\t<\/ul>\n\t\t\t\t\t\t<\/div>\n\t\t\t\t<\/div>\n\t\t\t\t<\/div>\n\t\t\t\t\t<\/div>\n\t\t\t\t<\/div>\n\t\t<div class=\"elementor-element elementor-element-a130c51 e-flex e-con-boxed e-con e-child\" data-id=\"a130c51\" data-element_type=\"container\" data-e-type=\"container\">\n\t\t\t\t\t<div class=\"e-con-inner\">\n\t\t\t\t<div class=\"elementor-element elementor-element-53a01f2 elementor-widget-divider--view-line_text elementor-widget-divider--element-align-left elementor-widget elementor-widget-divider\" data-id=\"53a01f2\" data-element_type=\"widget\" data-e-type=\"widget\" data-widget_type=\"divider.default\">\n\t\t\t\t<div class=\"elementor-widget-container\">\n\t\t\t\t\t\t\t<div class=\"elementor-divider\">\n\t\t\t<span class=\"elementor-divider-separator\">\n\t\t\t\t\t\t\t<span class=\"elementor-divider__text elementor-divider__element\">\n\t\t\t\tN\u00e4chste Veranstaltung\t\t\t\t<\/span>\n\t\t\t\t\t\t<\/span>\n\t\t<\/div>\n\t\t\t\t\t\t<\/div>\n\t\t\t\t<\/div>\n\t\t\t\t<div class=\"elementor-element elementor-element-73b7ff7 elementor-widget elementor-widget-heading\" data-id=\"73b7ff7\" data-element_type=\"widget\" data-e-type=\"widget\" data-widget_type=\"heading.default\">\n\t\t\t\t<div class=\"elementor-widget-container\">\n\t\t\t\t\t<h2 class=\"elementor-heading-title elementor-size-default\">Frage den Experten \u2013 Live Experience mit Dr. Andreas Pullig<\/h2>\t\t\t\t<\/div>\n\t\t\t\t<\/div>\n\t\t\t\t<div class=\"elementor-element elementor-element-b06fed2 elementor-mobile-align-start elementor-icon-list--layout-traditional elementor-list-item-link-full_width elementor-widget elementor-widget-icon-list\" data-id=\"b06fed2\" data-element_type=\"widget\" data-e-type=\"widget\" data-widget_type=\"icon-list.default\">\n\t\t\t\t<div class=\"elementor-widget-container\">\n\t\t\t\t\t\t\t<ul class=\"elementor-icon-list-items\">\n\t\t\t\t\t\t\t<li class=\"elementor-icon-list-item\">\n\t\t\t\t\t\t\t\t\t\t\t<span class=\"elementor-icon-list-icon\">\n\t\t\t\t\t\t\t<i aria-hidden=\"true\" class=\"icofont icofont-ui-calendar\"><\/i>\t\t\t\t\t\t<\/span>\n\t\t\t\t\t\t\t\t\t\t<span class=\"elementor-icon-list-text\">7. April 2026 | 19:00 Uhr<\/span>\n\t\t\t\t\t\t\t\t\t<\/li>\n\t\t\t\t\t\t<\/ul>\n\t\t\t\t\t\t<\/div>\n\t\t\t\t<\/div>\n\t\t<div class=\"elementor-element elementor-element-08f082a e-flex e-con-boxed e-con e-child\" data-id=\"08f082a\" data-element_type=\"container\" data-e-type=\"container\">\n\t\t\t\t\t<div class=\"e-con-inner\">\n\t\t<div class=\"elementor-element elementor-element-2f4fa4a e-con-full e-flex e-con e-child\" data-id=\"2f4fa4a\" data-element_type=\"container\" data-e-type=\"container\">\n\t\t\t\t<div class=\"elementor-element elementor-element-4b91903 elementor-widget elementor-widget-image\" data-id=\"4b91903\" data-element_type=\"widget\" data-e-type=\"widget\" data-widget_type=\"image.default\">\n\t\t\t\t<div class=\"elementor-widget-container\">\n\t\t\t\t\t\t\t\t\t\t\t\t\t\t\t<img fetchpriority=\"high\" decoding=\"async\" width=\"1080\" height=\"1350\" src=\"https:\/\/bodymindandsoulmallorca.com\/wp-content\/uploads\/2026\/03\/webinar-2026-04-07-andreas-pullig.jpeg\" class=\"attachment-full size-full wp-image-47629\" alt=\"\" srcset=\"https:\/\/bodymindandsoulmallorca.com\/wp-content\/uploads\/2026\/03\/webinar-2026-04-07-andreas-pullig.jpeg 1080w, https:\/\/bodymindandsoulmallorca.com\/wp-content\/uploads\/2026\/03\/webinar-2026-04-07-andreas-pullig-240x300.jpeg 240w, https:\/\/bodymindandsoulmallorca.com\/wp-content\/uploads\/2026\/03\/webinar-2026-04-07-andreas-pullig-819x1024.jpeg 819w, https:\/\/bodymindandsoulmallorca.com\/wp-content\/uploads\/2026\/03\/webinar-2026-04-07-andreas-pullig-768x960.jpeg 768w, https:\/\/bodymindandsoulmallorca.com\/wp-content\/uploads\/2026\/03\/webinar-2026-04-07-andreas-pullig-10x12.jpeg 10w, https:\/\/bodymindandsoulmallorca.com\/wp-content\/uploads\/2026\/03\/webinar-2026-04-07-andreas-pullig-1000x1250.jpeg 1000w\" sizes=\"(max-width: 1080px) 100vw, 1080px\" \/>\t\t\t\t\t\t\t\t\t\t\t\t\t\t\t<\/div>\n\t\t\t\t<\/div>\n\t\t\t\t<\/div>\n\t\t<div class=\"elementor-element elementor-element-f555b62 e-con-full e-flex e-con e-child\" data-id=\"f555b62\" data-element_type=\"container\" data-e-type=\"container\">\n\t\t\t\t<div class=\"elementor-element elementor-element-2c07710 elementor-widget-tablet__width-inherit elementor-widget elementor-widget-text-editor\" data-id=\"2c07710\" data-element_type=\"widget\" data-e-type=\"widget\" data-widget_type=\"text-editor.default\">\n\t\t\t\t<div class=\"elementor-widget-container\">\n\t\t\t\t\t\t\t\t\t<p><strong>Thema: Stress &amp; Ersch\u00f6pfung \u2013 verstehen, erkennen und neue Energie finden. <\/strong><\/p><p>Immer mehr Menschen f\u00fchlen sich dauerhaft gestresst, \u00fcberfordert oder ersch\u00f6pft. Doch was passiert dabei eigentlich im K\u00f6rper und im Geist? Und vor allem: Was k\u00f6nnen wir konkret tun, um wieder mehr Balance, Kraft und Lebensfreude zu gewinnen?<\/p><p>In dieser Live Experience spricht Dr. Andreas Pullig \u00fcber die <strong>Ursachen von Stress und Ersch\u00f6pfung<\/strong>, wie sie entstehen und welche Wege es gibt, wieder mehr Energie und innere Ruhe zu finden.<\/p><p>Im Webinar erf\u00e4hrst du:<\/p><p>\u2022 Wie Stress im K\u00f6rper entsteht<\/p><p>\u2022 Warum Ersch\u00f6pfung oft schleichend beginnt<\/p><p>\u2022 Was du konkret tun kannst, um deine Energie wieder aufzubauen<\/p><p>\u2022 Praktische Impulse f\u00fcr mehr Balance im Alltag<\/p><p>\u00a0<\/p><p>Live Q&amp;A \u2013 Stelle deine Fragen! Nach dem Vortrag hast du die M\u00f6glichkeit, Dr. Andreas Pullig direkt deine Fragen zu stellen. Nutze die Chance, pers\u00f6nliche Antworten von einem Experten zu bekommen.<\/p><p>\u00a0<\/p><p><span style=\"color: #ff00ff;\">Datum: 07.04.2026 <\/span><\/p><p><span style=\"color: #ff00ff;\">Uhrzeit: 19:30 <\/span><\/p><p><span style=\"color: #ff00ff;\">Ort: Live auf Zoom (Teilname kostenfrei) <\/span><\/p><p>\u00a0<\/p><p>Wir freuen uns auf einen inspirierenden Abend mit wertvollen Impulsen f\u00fcr K\u00f6rper, Geist und Seele. Melde dich jetzt an, trage es in dein Kalender gleich ein und sei live dabei!<\/p>\t\t\t\t\t\t\t\t<\/div>\n\t\t\t\t<\/div>\n\t\t\t\t<div class=\"elementor-element elementor-element-9fde2d4 elementor-mobile-align-center elementor-widget elementor-widget-button\" data-id=\"9fde2d4\" data-element_type=\"widget\" data-e-type=\"widget\" data-widget_type=\"button.default\">\n\t\t\t\t<div class=\"elementor-widget-container\">\n\t\t\t\t\t\t\t\t\t<div class=\"elementor-button-wrapper\">\n\t\t\t\t\t<a class=\"elementor-button elementor-button-link elementor-size-sm\" href=\"https:\/\/zoom.us\/meeting\/register\/8qTc05alTdKzbWlE1z9UhQ#\/registration\" target=\"_blank\" rel=\"noopener\">\n\t\t\t\t\t\t<span class=\"elementor-button-content-wrapper\">\n\t\t\t\t\t\t\t\t\t<span class=\"elementor-button-text\">Jetzt kostenlos anmelden<\/span>\n\t\t\t\t\t<\/span>\n\t\t\t\t\t<\/a>\n\t\t\t\t<\/div>\n\t\t\t\t\t\t\t\t<\/div>\n\t\t\t\t<\/div>\n\t\t\t\t<\/div>\n\t\t\t\t\t<\/div>\n\t\t\t\t<\/div>\n\t\t\t\t\t<\/div>\n\t\t\t\t<\/div>\n\t\t\t\t<\/div>","protected":false},"excerpt":{"rendered":"<p>Live Experience Eine Einladung zur echten Begegnung \u2013 mit Speakern, mit anderen Teilnehmern und mit dem Wesentlichen in dir. In einer Welt voller Tools zur Selbstoptimierung suchen viele nach einem Ort, der tiefer geht \u2013 nach echter Verbindung, neuen Perspektiven und lebendiger Inspiration. Die BMS Live Experience ist genau dieser Ort. Wir laden dich zu [&hellip;]<\/p>\n","protected":false},"author":232,"featured_media":0,"parent":0,"menu_order":8,"comment_status":"closed","ping_status":"closed","template":"","meta":{"_acf_changed":false,"footnotes":""},"class_list":["post-44337","page","type-page","status-publish","hentry"],"acf":[],"_links":{"self":[{"href":"https:\/\/bodymindandsoulmallorca.com\/en\/wp-json\/wp\/v2\/pages\/44337","targetHints":{"allow":["GET"]}}],"collection":[{"href":"https:\/\/bodymindandsoulmallorca.com\/en\/wp-json\/wp\/v2\/pages"}],"about":[{"href":"https:\/\/bodymindandsoulmallorca.com\/en\/wp-json\/wp\/v2\/types\/page"}],"author":[{"embeddable":true,"href":"https:\/\/bodymindandsoulmallorca.com\/en\/wp-json\/wp\/v2\/users\/232"}],"replies":[{"embeddable":true,"href":"https:\/\/bodymindandsoulmallorca.com\/en\/wp-json\/wp\/v2\/comments?post=44337"}],"version-history":[{"count":87,"href":"https:\/\/bodymindandsoulmallorca.com\/en\/wp-json\/wp\/v2\/pages\/44337\/revisions"}],"predecessor-version":[{"id":47632,"href":"https:\/\/bodymindandsoulmallorca.com\/en\/wp-json\/wp\/v2\/pages\/44337\/revisions\/47632"}],"wp:attachment":[{"href":"https:\/\/bodymindandsoulmallorca.com\/en\/wp-json\/wp\/v2\/media?parent=44337"}],"curies":[{"name":"wp","href":"https:\/\/api.w.org\/{rel}","templated":true}]}}