{"id":40602,"date":"2025-06-06T12:48:24","date_gmt":"2025-06-06T12:48:24","guid":{"rendered":"https:\/\/www.qvantumevents.com\/?page_id=40602"},"modified":"2026-03-07T23:06:45","modified_gmt":"2026-03-07T22:06:45","slug":"impressum","status":"publish","type":"page","link":"https:\/\/bodymindandsoulmallorca.com\/en\/impressum\/","title":{"rendered":"Legal Notice"},"content":{"rendered":"<div data-elementor-type=\"wp-page\" data-elementor-id=\"40602\" class=\"elementor elementor-40602\" data-elementor-post-type=\"page\">\n\t\t\t\t<div class=\"elementor-element elementor-element-e2774e3 e-flex e-con-boxed e-con e-parent\" data-id=\"e2774e3\" data-element_type=\"container\" data-e-type=\"container\">\n\t\t\t\t\t<div class=\"e-con-inner\">\n\t\t\t\t<div class=\"elementor-element elementor-element-ba2ceba elementor-widget elementor-widget-text-editor\" data-id=\"ba2ceba\" data-element_type=\"widget\" data-e-type=\"widget\" data-widget_type=\"text-editor.default\">\n\t\t\t\t<div class=\"elementor-widget-container\">\n\t\t\t\t\t\t\t\t\t<h3 class=\"primary\">Firmeninformation<\/h3><p>Body Mind and Soul Mallorca S.L.<\/p><p>Calle Churruca, Otr 71<span class=\"Apple-converted-space\">\u00a0<\/span><\/p><p>07609 Llucmajor<\/p><p>Telefon: +34 600 586 686<\/p><h3 class=\"primary\">Vertretungsberechtigte\/r<\/h3><p>Ren\u00e9 Knopf<\/p><h3 class=\"primary\">Registereintrag<\/h3><p>Eingetragen in Spanien<\/p><p>Handelsregister-Nr: B21965629<\/p><h3 class=\"primary\">Umsatzsteuer-ID<\/h3><p>ESB21965629<\/p><h3 class=\"primary\">Verantwortlich f\u00fcr den Inhalt<\/h3><p>Die Inhalte dieser Website werden mit gr\u00f6\u00dftm\u00f6glicher Sorgfalt erstellt. F\u00fcr die Richtigkeit, Vollst\u00e4ndigkeit und Aktualit\u00e4t der Inhalte k\u00f6nnen wir jedoch keine Gew\u00e4hr \u00fcbernehmen. Als Diensteanbieter sind wir f\u00fcr eigene Inhalte auf diesen Seiten nach den allgemeinen Gesetzen verantwortlich. Wir sind jedoch nicht verpflichtet, \u00fcbermittelte oder gespeicherte fremde Informationen zu \u00fcberwachen oder nach Umst\u00e4nden zu forschen, die auf eine rechtswidrige T\u00e4tigkeit hinweisen.<\/p><h3 class=\"primary\">Haftung f\u00fcr Links<\/h3><p>Unser Angebot kann Links zu externen Webseiten Dritter enthalten, auf deren Inhalte wir keinen Einfluss haben. Deshalb k\u00f6nnen wir f\u00fcr diese fremden Inhalte auch keine Gew\u00e4hr \u00fcbernehmen. F\u00fcr die Inhalte der verlinkten Seiten ist stets der jeweilige Anbieter oder Betreiber der Seiten verantwortlich. Die verlinkten Seiten wurden zum Zeitpunkt der Verlinkung auf m\u00f6gliche Rechtsverst\u00f6\u00dfe \u00fcberpr\u00fcft. Rechtswidrige Inhalte waren zum Zeitpunkt der Verlinkung nicht erkennbar. Eine permanente inhaltliche Kontrolle der verlinkten Seiten ist jedoch ohne konkrete Anhaltspunkte einer Rechtsverletzung nicht zumutbar. Bei Bekanntwerden von Rechtsverletzungen werden wir derartige Links umgehend entfernen.<\/p><h3 class=\"primary\">Copyright<\/h3><p>Die durch den Seitenbetreiber erstellten Inhalte und Werke auf diesen Seiten unterliegen dem Urheberrecht. Die Vervielf\u00e4ltigung, Bearbeitung, Verbreitung und jede Art der Verwertung au\u00dferhalb der Grenzen des Urheberrechtes bed\u00fcrfen der schriftlichen Zustimmung des jeweiligen Autors bzw. Erstellers. Downloads und Kopien dieser Seite sind nur f\u00fcr den privaten, nicht kommerziellen Gebrauch gestattet. Soweit die Inhalte auf dieser Seite nicht vom Betreiber erstellt wurden, werden die Urheberrechte Dritter beachtet. Insbesondere werden Inhalte Dritter als solche gekennzeichnet. Sollten Sie trotzdem auf eine Urheberrechtsverletzung aufmerksam werden, bitten wir um einen entsprechenden Hinweis. Bei Bekanntwerden von Rechtsverletzungen werden wir derartige Inhalte umgehend entfernen.<\/p><h3 class=\"primary\">DATENSCHUTZBEAUFTRAGTE\/R:<\/h3><p>Bei Fragen zum Datenschutz k\u00f6nnen Sie sich an unseren Datenschutzbeauftragten wenden:<\/p><p>Name: Ren\u00e9 Knopf<\/p><h3 class=\"primary\">STREITSCHLICHTUNG:<\/h3><p>Die Europ\u00e4ische Kommission stellt eine Plattform zur Online-Streitbeilegung (OS) zur Verf\u00fcgung, die Sie unter https:\/\/ec.europa.eu\/consumers\/odr\/ finden. Wir sind nicht verpflichtet oder bereit, an einem Streitbeilegungsverfahren vor einer Verbraucherschlichtungsstelle teilzunehmen.<\/p><p>Bitte beachten Sie, dass es sich hierbei nur um einen Mustertext handelt, der m\u00f6glicherweise an Ihre spezifischen gesch\u00e4ftlichen und rechtlichen Anforderungen angepasst werden muss. Es wird empfohlen, einen Rechtsexperten zu konsultieren, um sicherzustellen, dass die Impressumsseite mit allen relevanten Gesetzen und Vorschriften in Ihrer Rechtsordnung \u00fcbereinstimmt.<\/p>\t\t\t\t\t\t\t\t<\/div>\n\t\t\t\t<\/div>\n\t\t\t\t\t<\/div>\n\t\t\t\t<\/div>\n\t\t\t\t<\/div>","protected":false},"excerpt":{"rendered":"<p>Firmeninformation Body Mind and Soul Mallorca S.L. Calle Churruca, Otr 71\u00a0 07609 Llucmajor Telefon: +34 600 586 686 Vertretungsberechtigte\/r Ren\u00e9 Knopf Registereintrag Eingetragen in Spanien Handelsregister-Nr: B21965629 Umsatzsteuer-ID ESB21965629 Verantwortlich f\u00fcr den Inhalt Die Inhalte dieser Website werden mit gr\u00f6\u00dftm\u00f6glicher Sorgfalt erstellt. F\u00fcr die Richtigkeit, Vollst\u00e4ndigkeit und Aktualit\u00e4t der Inhalte k\u00f6nnen wir jedoch keine Gew\u00e4hr [&hellip;]<\/p>\n","protected":false},"author":1,"featured_media":0,"parent":0,"menu_order":24,"comment_status":"closed","ping_status":"closed","template":"","meta":{"_acf_changed":false,"footnotes":""},"class_list":["post-40602","page","type-page","status-publish","hentry"],"acf":[],"_links":{"self":[{"href":"https:\/\/bodymindandsoulmallorca.com\/en\/wp-json\/wp\/v2\/pages\/40602","targetHints":{"allow":["GET"]}}],"collection":[{"href":"https:\/\/bodymindandsoulmallorca.com\/en\/wp-json\/wp\/v2\/pages"}],"about":[{"href":"https:\/\/bodymindandsoulmallorca.com\/en\/wp-json\/wp\/v2\/types\/page"}],"author":[{"embeddable":true,"href":"https:\/\/bodymindandsoulmallorca.com\/en\/wp-json\/wp\/v2\/users\/1"}],"replies":[{"embeddable":true,"href":"https:\/\/bodymindandsoulmallorca.com\/en\/wp-json\/wp\/v2\/comments?post=40602"}],"version-history":[{"count":16,"href":"https:\/\/bodymindandsoulmallorca.com\/en\/wp-json\/wp\/v2\/pages\/40602\/revisions"}],"predecessor-version":[{"id":46524,"href":"https:\/\/bodymindandsoulmallorca.com\/en\/wp-json\/wp\/v2\/pages\/40602\/revisions\/46524"}],"wp:attachment":[{"href":"https:\/\/bodymindandsoulmallorca.com\/en\/wp-json\/wp\/v2\/media?parent=40602"}],"curies":[{"name":"wp","href":"https:\/\/api.w.org\/{rel}","templated":true}]}}